{"id":1559,"date":"2018-11-06T10:34:45","date_gmt":"2018-11-06T10:34:45","guid":{"rendered":"https:\/\/fossa-eugeniana.nl\/verhaal-fossa-eugenia\/"},"modified":"2022-12-30T15:41:46","modified_gmt":"2022-12-30T15:41:46","slug":"geschichte-fossa-eugenia","status":"publish","type":"page","link":"https:\/\/fossa-eugeniana.nl\/de\/geschichte-fossa-eugenia\/","title":{"rendered":"Geschichte Fossa Eugeniana"},"content":{"rendered":"<p>[vc_row bg_type=&#8220;bg_color&#8220; bg_override=&#8220;full&#8220; bg_color_value=&#8220;#ffffff&#8220;][vc_column]<div id=\"ultimate-heading-247869e78071b95bf\" class=\"uvc-heading ult-adjust-bottom-margin ultimate-heading-247869e78071b95bf uvc-2954  uvc-heading-default-font-sizes\" data-hspacer=\"no_spacer\"  data-halign=\"left\" style=\"text-align:left\"><div class=\"uvc-heading-spacer no_spacer\" style=\"top\"><\/div><div class=\"uvc-main-heading ult-responsive\"  data-ultimate-target='.uvc-heading.ultimate-heading-247869e78071b95bf h2'  data-responsive-json-new='{\"font-size\":\"\",\"line-height\":\"\"}' ><h2 style=\"--font-weight:theme;margin-bottom:20px;\">Dokumentarfilm die Fossa Eugeniana<\/h2><\/div><\/div>[vc_column_text]Das Projekt Fossa Eugeniana entstand durch die Zusammenarbeit zwischen dem Arbeitskreis Fossa Eugeniana der Stiftung Arcen Heritage, dem Historischen Verein f\u00fcr Geldern und Umgegend e.V., dem Heimatverein Rheinberg e.V. und dem Stadtarchiv Straelen.<\/p>\n<p>Es wird von Interreg Deutschland-Nederland, dem Prinz-Bernhard-Kulturfonds und den Kommunen Rheinberg, Geldern, Straelen und Venlo gef\u00f6rdert. Sie wird auch von den Firmen Tecklenburg und Bofrost gesponsert. Ohne ihre Unterst\u00fctzung w\u00e4re dieses Projekt in seiner jetzigen Form nicht m\u00f6glich gewesen.<\/p>\n<p>Ziel dieses Projekts ist es, die Bedeutung eines bedeutenden historischen Ereignisses, das sich vor fast 400 Jahren in unserer Region abgespielt hat, durch eine filmische Dokumentation der gesamten Fossa Eugeniana besser bekannt zu machen.<\/p>\n<p>In diesem Fall liegt die Geschichte gleich um die Ecke, aber kaum jemand wei\u00df etwas dar\u00fcber. Das hoffen wir mit diesem Projekt zu \u00e4ndern.<\/p>\n<p>Als eigenst\u00e4ndiges Projekt kann dieses Miniprojekt in den Niederlanden zur Zeit des Achtzigj\u00e4hrigen Krieges eingeteilt werden. Im Rahmen der bestehenden Methoden k\u00f6nnte sie in die Zeit der Entdecker und Reformer (1500-1600) oder in die Zeit der Regenten und Monarchen (1600-1700) eingeordnet werden. In Deutschland k\u00f6nnte es in die bestehenden Regelungen f\u00fcr den Geschichtsunterricht eingepasst werden. Wir w\u00fcnschen Ihnen allen viel Spa\u00df bei der Umsetzung.<\/p>\n<h3><a href=\"https:\/\/fossa-eugeniana.nl\/de\/artikel\/\"><span style=\"color: #ff6600;\"><em>Zum Artikel \/\/<\/em><\/span><\/a><\/h3>\n<p>[\/vc_column_text][vc_empty_space height=&#8220;16px&#8220;][\/vc_column][\/vc_row]<\/p>\n","protected":false},"excerpt":{"rendered":"<p>[vc_row bg_type=&#8220;bg_color&#8220; bg_override=&#8220;full&#8220; bg_color_value=&#8220;#ffffff&#8220;][vc_column][vc_column_text]Das Projekt Fossa Eugeniana entstand durch die Zusammenarbeit zwischen dem Arbeitskreis Fossa Eugeniana der Stiftung Arcen Heritage, dem Historischen Verein f\u00fcr Geldern und Umgegend e.V., dem Heimatverein Rheinberg e.V. und dem Stadtarchiv Straelen. Es wird von Interreg Deutschland-Nederland, dem Prinz-Bernhard-Kulturfonds und den Kommunen Rheinberg, Geldern, Straelen und Venlo gef\u00f6rdert. Sie wird auch&hellip;<\/p>\n","protected":false},"author":1,"featured_media":0,"parent":0,"menu_order":0,"comment_status":"closed","ping_status":"closed","template":"","meta":{"give_campaign_id":0,"_monsterinsights_skip_tracking":false,"_monsterinsights_sitenote_active":false,"_monsterinsights_sitenote_note":"","_monsterinsights_sitenote_category":0,"footnotes":""},"class_list":["post-1559","page","type-page","status-publish","hentry","description-off"],"yoast_head":"<!-- This site is optimized with the Yoast SEO plugin v26.6 - https:\/\/yoast.com\/wordpress\/plugins\/seo\/ -->\n<title>Geschichte Fossa Eugeniana - Fossa Eugeniana Arcen<\/title>\n<meta name=\"robots\" content=\"index, follow, max-snippet:-1, max-image-preview:large, max-video-preview:-1\" \/>\n<link rel=\"canonical\" href=\"https:\/\/fossa-eugeniana.nl\/de\/geschichte-fossa-eugenia\/\" \/>\n<meta property=\"og:locale\" content=\"de_DE\" \/>\n<meta property=\"og:type\" content=\"article\" \/>\n<meta property=\"og:title\" content=\"Geschichte Fossa Eugeniana - Fossa Eugeniana Arcen\" \/>\n<meta property=\"og:description\" content=\"[vc_row bg_type=&#8220;bg_color&#8220; bg_override=&#8220;full&#8220; bg_color_value=&#8220;#ffffff&#8220;][vc_column][vc_column_text]Das Projekt Fossa Eugeniana entstand durch die Zusammenarbeit zwischen dem Arbeitskreis Fossa Eugeniana der Stiftung Arcen Heritage, dem Historischen Verein f\u00fcr Geldern und Umgegend e.V., dem Heimatverein Rheinberg e.V. und dem Stadtarchiv Straelen. Es wird von Interreg Deutschland-Nederland, dem Prinz-Bernhard-Kulturfonds und den Kommunen Rheinberg, Geldern, Straelen und Venlo gef\u00f6rdert. Sie wird auch&hellip;\" \/>\n<meta property=\"og:url\" content=\"https:\/\/fossa-eugeniana.nl\/de\/geschichte-fossa-eugenia\/\" \/>\n<meta property=\"og:site_name\" content=\"Fossa Eugeniana Arcen\" \/>\n<meta property=\"article:modified_time\" content=\"2022-12-30T15:41:46+00:00\" \/>\n<meta name=\"twitter:card\" content=\"summary_large_image\" \/>\n<meta name=\"twitter:label1\" content=\"Gesch\u00e4tzte Lesezeit\" \/>\n\t<meta name=\"twitter:data1\" content=\"2\u00a0Minuten\" \/>\n<script type=\"application\/ld+json\" class=\"yoast-schema-graph\">{\"@context\":\"https:\/\/schema.org\",\"@graph\":[{\"@type\":\"WebPage\",\"@id\":\"https:\/\/fossa-eugeniana.nl\/de\/geschichte-fossa-eugenia\/\",\"url\":\"https:\/\/fossa-eugeniana.nl\/de\/geschichte-fossa-eugenia\/\",\"name\":\"Geschichte Fossa Eugeniana - Fossa Eugeniana Arcen\",\"isPartOf\":{\"@id\":\"https:\/\/fossa-eugeniana.nl\/de\/#website\"},\"datePublished\":\"2018-11-06T10:34:45+00:00\",\"dateModified\":\"2022-12-30T15:41:46+00:00\",\"breadcrumb\":{\"@id\":\"https:\/\/fossa-eugeniana.nl\/de\/geschichte-fossa-eugenia\/#breadcrumb\"},\"inLanguage\":\"de\",\"potentialAction\":[{\"@type\":\"ReadAction\",\"target\":[\"https:\/\/fossa-eugeniana.nl\/de\/geschichte-fossa-eugenia\/\"]}]},{\"@type\":\"BreadcrumbList\",\"@id\":\"https:\/\/fossa-eugeniana.nl\/de\/geschichte-fossa-eugenia\/#breadcrumb\",\"itemListElement\":[{\"@type\":\"ListItem\",\"position\":1,\"name\":\"Home\",\"item\":\"https:\/\/fossa-eugeniana.nl\/de\/\"},{\"@type\":\"ListItem\",\"position\":2,\"name\":\"Geschichte Fossa Eugeniana\"}]},{\"@type\":\"WebSite\",\"@id\":\"https:\/\/fossa-eugeniana.nl\/de\/#website\",\"url\":\"https:\/\/fossa-eugeniana.nl\/de\/\",\"name\":\"Fossa Eugeniana Arcen\",\"description\":\"Historisch archief over dit onvoltooid kanaal\",\"potentialAction\":[{\"@type\":\"SearchAction\",\"target\":{\"@type\":\"EntryPoint\",\"urlTemplate\":\"https:\/\/fossa-eugeniana.nl\/de\/?s={search_term_string}\"},\"query-input\":{\"@type\":\"PropertyValueSpecification\",\"valueRequired\":true,\"valueName\":\"search_term_string\"}}],\"inLanguage\":\"de\"}]}<\/script>\n<!-- \/ Yoast SEO plugin. -->","yoast_head_json":{"title":"Geschichte Fossa Eugeniana - Fossa Eugeniana Arcen","robots":{"index":"index","follow":"follow","max-snippet":"max-snippet:-1","max-image-preview":"max-image-preview:large","max-video-preview":"max-video-preview:-1"},"canonical":"https:\/\/fossa-eugeniana.nl\/de\/geschichte-fossa-eugenia\/","og_locale":"de_DE","og_type":"article","og_title":"Geschichte Fossa Eugeniana - Fossa Eugeniana Arcen","og_description":"[vc_row bg_type=&#8220;bg_color&#8220; bg_override=&#8220;full&#8220; bg_color_value=&#8220;#ffffff&#8220;][vc_column][vc_column_text]Das Projekt Fossa Eugeniana entstand durch die Zusammenarbeit zwischen dem Arbeitskreis Fossa Eugeniana der Stiftung Arcen Heritage, dem Historischen Verein f\u00fcr Geldern und Umgegend e.V., dem Heimatverein Rheinberg e.V. und dem Stadtarchiv Straelen. Es wird von Interreg Deutschland-Nederland, dem Prinz-Bernhard-Kulturfonds und den Kommunen Rheinberg, Geldern, Straelen und Venlo gef\u00f6rdert. Sie wird auch&hellip;","og_url":"https:\/\/fossa-eugeniana.nl\/de\/geschichte-fossa-eugenia\/","og_site_name":"Fossa Eugeniana Arcen","article_modified_time":"2022-12-30T15:41:46+00:00","twitter_card":"summary_large_image","twitter_misc":{"Gesch\u00e4tzte Lesezeit":"2\u00a0Minuten"},"schema":{"@context":"https:\/\/schema.org","@graph":[{"@type":"WebPage","@id":"https:\/\/fossa-eugeniana.nl\/de\/geschichte-fossa-eugenia\/","url":"https:\/\/fossa-eugeniana.nl\/de\/geschichte-fossa-eugenia\/","name":"Geschichte Fossa Eugeniana - Fossa Eugeniana Arcen","isPartOf":{"@id":"https:\/\/fossa-eugeniana.nl\/de\/#website"},"datePublished":"2018-11-06T10:34:45+00:00","dateModified":"2022-12-30T15:41:46+00:00","breadcrumb":{"@id":"https:\/\/fossa-eugeniana.nl\/de\/geschichte-fossa-eugenia\/#breadcrumb"},"inLanguage":"de","potentialAction":[{"@type":"ReadAction","target":["https:\/\/fossa-eugeniana.nl\/de\/geschichte-fossa-eugenia\/"]}]},{"@type":"BreadcrumbList","@id":"https:\/\/fossa-eugeniana.nl\/de\/geschichte-fossa-eugenia\/#breadcrumb","itemListElement":[{"@type":"ListItem","position":1,"name":"Home","item":"https:\/\/fossa-eugeniana.nl\/de\/"},{"@type":"ListItem","position":2,"name":"Geschichte Fossa Eugeniana"}]},{"@type":"WebSite","@id":"https:\/\/fossa-eugeniana.nl\/de\/#website","url":"https:\/\/fossa-eugeniana.nl\/de\/","name":"Fossa Eugeniana Arcen","description":"Historisch archief over dit onvoltooid kanaal","potentialAction":[{"@type":"SearchAction","target":{"@type":"EntryPoint","urlTemplate":"https:\/\/fossa-eugeniana.nl\/de\/?s={search_term_string}"},"query-input":{"@type":"PropertyValueSpecification","valueRequired":true,"valueName":"search_term_string"}}],"inLanguage":"de"}]}},"campaignId":"","_links":{"self":[{"href":"https:\/\/fossa-eugeniana.nl\/de\/wp-json\/wp\/v2\/pages\/1559","targetHints":{"allow":["GET"]}}],"collection":[{"href":"https:\/\/fossa-eugeniana.nl\/de\/wp-json\/wp\/v2\/pages"}],"about":[{"href":"https:\/\/fossa-eugeniana.nl\/de\/wp-json\/wp\/v2\/types\/page"}],"author":[{"embeddable":true,"href":"https:\/\/fossa-eugeniana.nl\/de\/wp-json\/wp\/v2\/users\/1"}],"replies":[{"embeddable":true,"href":"https:\/\/fossa-eugeniana.nl\/de\/wp-json\/wp\/v2\/comments?post=1559"}],"version-history":[{"count":7,"href":"https:\/\/fossa-eugeniana.nl\/de\/wp-json\/wp\/v2\/pages\/1559\/revisions"}],"predecessor-version":[{"id":2282,"href":"https:\/\/fossa-eugeniana.nl\/de\/wp-json\/wp\/v2\/pages\/1559\/revisions\/2282"}],"wp:attachment":[{"href":"https:\/\/fossa-eugeniana.nl\/de\/wp-json\/wp\/v2\/media?parent=1559"}],"curies":[{"name":"wp","href":"https:\/\/api.w.org\/{rel}","templated":true}]}}