{"id":1893,"date":"2022-10-16T14:57:35","date_gmt":"2022-10-16T14:57:35","guid":{"rendered":"https:\/\/fossa-eugeniana.nl\/programma-educatie-fossa-eugeniana\/"},"modified":"2025-01-26T19:26:33","modified_gmt":"2025-01-26T19:26:33","slug":"unterrichtsprojekt-fossa-eugeniana","status":"publish","type":"page","link":"https:\/\/fossa-eugeniana.nl\/de\/unterrichtsprojekt-fossa-eugeniana\/","title":{"rendered":"Unterrichtsprojekt Fossa Eugeniana"},"content":{"rendered":"<p>[vc_row][vc_column][vc_column_text]<\/p>\n<div id=\"ultimate-heading-105634c1ba974e8e\" class=\"uvc-heading ult-adjust-bottom-margin ultimate-heading-105634c1ba974e8e uvc-1642 uvc-heading-default-font-sizes\" data-hspacer=\"no_spacer\" data-halign=\"left\">\n<div class=\"uvc-main-heading ult-responsive\" data-ultimate-target=\".uvc-heading.ultimate-heading-105634c1ba974e8e h2\" data-responsive-json-new=\"{&quot;font-size&quot;:&quot;&quot;,&quot;line-height&quot;:&quot;&quot;}\">\n<p style=\"text-align: left;\">Sehr geehrte Lehrerinnen und Lehrer,<\/p>\n<p style=\"text-align: left;\">mit gro\u00dfer Freude bieten wir Ihnen hiermit das Lernpaket <strong>\u201eFossa Eugeniana\u201c<\/strong> an.<\/p>\n<p><strong>F\u00fcr wen?<br \/>\n<\/strong>Das Paket zielt auf Lernende der ersten vier Jahre der Sekundarstufe I, also die Klassen 5 bis 8.<\/p>\n<p><strong>Woraus besteht das Paket?<br \/>\n<\/strong>Das Paket setzt sich aus den folgenden Teilen zusammen:<\/p>\n<ol style=\"text-align: left;\">\n<li>Den Dokumentarfilm \u00fcber\u00a0<b>Die Fossa Eugeniana.<\/b><\/li>\n<li>Die Unterrichtshinweise, die als Hintergrundinformation f\u00fcr die Lehrkr\u00e4fte dienen.<\/li>\n<li>Die Website<b>\u00a0<\/b><a id=\"LPlnk385548\" href=\"http:\/\/www.fossa-eugeniana.nl\/de\" target=\"_blank\" rel=\"noopener noreferrer\" data-auth=\"NotApplicable\" data-safelink=\"true\" data-linkindex=\"0\">www.fossa-eugeniana.nl\/de<\/a><\/li>\n<li><a href=\"https:\/\/fossa-eugeniana.nl\/de\/beispiel-fur-die-gestaltung-eines-3-lektionen-zyklus\/\">Beispiel f\u00fcr einen 3-Lektionen-Zyklus<\/a> f\u00fcr die Sekundarstufe II\/den Sekundarbereich<\/li>\n<\/ol>\n<p style=\"text-align: left;\"><strong>Kostenlos herunterladen<br \/>\n<\/strong>Sie k\u00f6nnen die Dokumentation, den Unterrichtsplan und den Unterrichtszyklus kostenlos herunterladen.<\/p>\n<p><strong><br \/>\nProjektplanung<\/strong><\/p>\n<ol style=\"text-align: left;\">\n<li>Die Lehrkraft informiert mit Hilfe der Unterrichtshinweise vorab \u00fcber die Zeit, in der der Bau der <strong>Fossa Eugeniana<\/strong> sich abspielte.<\/li>\n<li>Die Kinder schauen sich den Dokumentarfilm an.<\/li>\n<li>Die Lehrkraft l\u00e4sst die Kinder den Stoff mit einer Anzahl von Fragen verarbeiten, die sie selbst zusammengestellt hat. Die Kinder k\u00f6nnen die Antworten auf diese Fragen auf der obengenannten Website finden. Partner- oder Gruppenarbeit ist m\u00f6glich.<\/li>\n<li>Die Lehrkraft stellt auch einige offene Fragen zusammen, zu denen die Sch\u00fclerinnen und Sch\u00fcler selbstst\u00e4ndig Antworten ausarbeiten k\u00f6nnen. Dabei ist vor allem an Fragen wie \u201eWas k\u00f6nnte geschehen sein, wenn \u2026\u201c zu denken.Beispiel: Nimm an, das Projekt <strong>Fossa Eugeniana<\/strong> w\u00e4re erfolgreich gewesen. Welche Folgen h\u00e4tte das f\u00fcr unsere Umgebung haben k\u00f6nnen? F\u00fcr Venlo? F\u00fcr Geldern? F\u00fcr Rheinberg? W\u00fcrde man die Auswirkungen dann auch heute noch sp\u00fcren?<br \/>\nAuf welche Weise? Sie k\u00f6nnen auch den unter Punkt 4 genannten Unterrichtszyklus verwenden.<\/li>\n<\/ol>\n<p style=\"text-align: left;\">Wir w\u00fcnschen Ihnen viel Freude bei der Umsetzung!<\/p>\n<p><strong>Fortsetzung<\/strong><br \/>\nDerzeit arbeiten die Stichting Heemkunde Arcen, Kunstencentrum Venlo und Lokaal C, ein Lehrer des Blariacumcollege in Blerick, Media Inn in Venlo und das Filmtheater De Nieuwe Scene in Venlo mit finanzieller Unterst\u00fctzung des Kulturbeteiligungsfonds, der Provinz Limburg und der Gemeinde Venlo an einer weiteren k\u00fcnstlerischen Interpretation des Projekts. Dies k\u00f6nnte dann in die F\u00e4cher &#8222;Selbst- und Weltorientierung&#8220; und &#8222;K\u00fcnstlerische Orientierung und Medienkompetenz&#8220; passen. Die Entscheidung fiel auf eine Filmproduktion von Kindern in Form eines Dokudramas. Hierzu werden historische Ereignisse nachgespielt, die Kindern ein besonderes Erlebnis erm\u00f6glichen. Ein Teil der Filmbilder wird an historischen Orten aufgenommen. Sie sollen als Dokumentation chronologisch angeschaut werden. Daneben wird ein (zus\u00e4tzlicher) Teil in einem \u201eGreenroom\u201c aufgenommen, woraufhin die Akteure mittels Mobiltelefon in \u201eaugmented reality\u201c zu sehen sind. Das kann z.B. auch in Fort Hazepoot umgesetzt werden. Die aufgenommenen Bilder werden auch zu einem Spiel f\u00fcr den Unterricht verarbeitet. Die Kinder setzen sich dann interaktiv mit der Geschichte auseinander. Wenn sie ein Spielelement l\u00f6sen, erhalten sie jeweils einen Teil der Dokumentation oder der \u201eaugmented reality\u201c zu sehen. Das komplette Spiel besteht aus f\u00fcnf Schritten. Im Fr\u00fchjahr 2023 werden die Aufnahmen an einer Pilotschule f\u00fcr das Dokudrama stattfinden. Die weitere Entwicklung, Einf\u00fchrung und Umsetzung dieses Materials in den Grundschulen wird zwischen September und Dezember beginnen.<\/p>\n<p>Sollten Sie Fragen zu dem Projekt haben, k\u00f6nnen Sie uns gerne \u00fcber eine der E-Mail-Adressen kontaktieren, die Sie auf der Website unter &#8222;<a href=\"https:\/\/fossa-eugeniana.nl\/de\/kontakt\/\">Kontakt<\/a>&#8220; finden.<\/p>\n<p>Das mit dem Projekt verbundene Brettspiel soll w\u00e4hrend der Limburger Filmtage Mitte Juni 2024 vorgestellt werden.<\/p>\n<\/div>\n<\/div>\n<div class=\"wpb_text_column wpb_content_element \">\n<div class=\"wpb_wrapper\">\n<p><strong>Klicken Sie auf die Logos unten, um weitere Informationen zu erhalten.<\/strong><\/p>\n<\/div>\n<\/div>\n<p>[\/vc_column_text][\/vc_column][\/vc_row][vc_row][vc_column]<style type=\"text\/css\" data-type=\"the7_shortcodes-inline-css\">.shortcode-single-image-wrap.shortcode-single-image-ce6c8e66ec32922b61db137f4aeac440.enable-bg-rollover .rollover i,\n.shortcode-single-image-wrap.shortcode-single-image-ce6c8e66ec32922b61db137f4aeac440.enable-bg-rollover .rollover-video i {\n  background: -webkit-linear-gradient();\n  background: linear-gradient();\n}\n.shortcode-single-image-wrap.shortcode-single-image-ce6c8e66ec32922b61db137f4aeac440 .rollover-icon {\n  font-size: 32px;\n  color: #ffffff;\n  min-width: 44px;\n  min-height: 44px;\n  line-height: 44px;\n  border-radius: 100px;\n  border-style: solid;\n  border-width: 0px;\n}\n.dt-icon-bg-on.shortcode-single-image-wrap.shortcode-single-image-ce6c8e66ec32922b61db137f4aeac440 .rollover-icon {\n  background: rgba(255,255,255,0.3);\n  box-shadow: none;\n}\n<\/style><div class=\"shortcode-single-image-wrap shortcode-single-image-ce6c8e66ec32922b61db137f4aeac440 alignleft  vc_custom_1682776555563 enable-bg-rollover dt-icon-bg-off\" ><div class=\"shortcode-single-image\"><div class=\"fancy-media-wrap\" style=\"\"><a href=\"https:\/\/www.kunstencentrumvenlo.nl\/lokaalc\" class=\" layzr-bg rollover\" style=\"\" target=\"_blank\" rel=\"noopener\" aria-label=\"Image\"><img loading=\"lazy\" decoding=\"async\" class=\"preload-me lazy-load\" src=\"data:image\/svg+xml,%3Csvg%20xmlns%3D&#39;http%3A%2F%2Fwww.w3.org%2F2000%2Fsvg&#39;%20viewBox%3D&#39;0%200%20600%20108&#39;%2F%3E\" data-src=\"https:\/\/fossa-eugeniana.nl\/wp-content\/uploads\/2023\/04\/Logo-Lokaal-C-jpg-600x108.jpg\" data-srcset=\"https:\/\/fossa-eugeniana.nl\/wp-content\/uploads\/2023\/04\/Logo-Lokaal-C-jpg-600x108.jpg 600w, https:\/\/fossa-eugeniana.nl\/wp-content\/uploads\/2023\/04\/Logo-Lokaal-C-jpg-1200x216.jpg 1200w\" width=\"600\" height=\"108\"  data-dt-location=\"https:\/\/fossa-eugeniana.nl\/de\/logo-lokaal-c-jpg-2\/\" alt=\"\" \/><\/a><\/div><\/div><\/div>[\/vc_column][\/vc_row][vc_row][vc_column][vc_column_text]<a href=\"https:\/\/www.ogvo.nl\/blariacumcollege\/\" target=\"_blank\" rel=\"noopener\"><img loading=\"lazy\" decoding=\"async\" class=\"alignnone wp-image-2352\" src=\"https:\/\/fossa-eugeniana.nl\/wp-content\/uploads\/2022\/12\/Blariacum.png\" alt=\"\" width=\"176\" height=\"153\" \/><\/a>\u00a0 \u00a0 \u00a0 \u00a0\u00a0 <a href=\"https:\/\/www.nieuwescene.nl\/\" target=\"_blank\" rel=\"noopener\"><img loading=\"lazy\" decoding=\"async\" class=\"alignnone wp-image-2358\" src=\"https:\/\/fossa-eugeniana.nl\/wp-content\/uploads\/2022\/12\/Nieuwe-Scene.png\" alt=\"\" width=\"194\" height=\"136\" \/><\/a>[\/vc_column_text][\/vc_column][\/vc_row][vc_row][vc_column][vc_empty_space height=&#8220;50px&#8220;][\/vc_column][\/vc_row]<\/p>\n","protected":false},"excerpt":{"rendered":"<p>[vc_row][vc_column][vc_column_text] Sehr geehrte Lehrerinnen und Lehrer, mit gro\u00dfer Freude bieten wir Ihnen hiermit das Lernpaket \u201eFossa Eugeniana\u201c an. F\u00fcr wen? Das Paket zielt auf Lernende der ersten vier Jahre der Sekundarstufe I, also die Klassen 5 bis 8. Woraus besteht das Paket? Das Paket setzt sich aus den folgenden Teilen zusammen: Den Dokumentarfilm \u00fcber\u00a0Die Fossa&hellip;<\/p>\n","protected":false},"author":1,"featured_media":0,"parent":0,"menu_order":0,"comment_status":"closed","ping_status":"closed","template":"","meta":{"give_campaign_id":0,"_monsterinsights_skip_tracking":false,"_monsterinsights_sitenote_active":false,"_monsterinsights_sitenote_note":"","_monsterinsights_sitenote_category":0,"footnotes":""},"class_list":["post-1893","page","type-page","status-publish","hentry","description-off"],"yoast_head":"<!-- This site is optimized with the Yoast SEO plugin v26.6 - https:\/\/yoast.com\/wordpress\/plugins\/seo\/ -->\n<title>Unterrichtsprojekt Fossa Eugeniana - Fossa Eugeniana Arcen<\/title>\n<meta name=\"robots\" content=\"index, follow, max-snippet:-1, max-image-preview:large, max-video-preview:-1\" \/>\n<link rel=\"canonical\" href=\"https:\/\/fossa-eugeniana.nl\/de\/unterrichtsprojekt-fossa-eugeniana\/\" \/>\n<meta property=\"og:locale\" content=\"de_DE\" \/>\n<meta property=\"og:type\" content=\"article\" \/>\n<meta property=\"og:title\" content=\"Unterrichtsprojekt Fossa Eugeniana - Fossa Eugeniana Arcen\" \/>\n<meta property=\"og:description\" content=\"[vc_row][vc_column][vc_column_text] Sehr geehrte Lehrerinnen und Lehrer, mit gro\u00dfer Freude bieten wir Ihnen hiermit das Lernpaket \u201eFossa Eugeniana\u201c an. F\u00fcr wen? Das Paket zielt auf Lernende der ersten vier Jahre der Sekundarstufe I, also die Klassen 5 bis 8. Woraus besteht das Paket? Das Paket setzt sich aus den folgenden Teilen zusammen: Den Dokumentarfilm \u00fcber\u00a0Die Fossa&hellip;\" \/>\n<meta property=\"og:url\" content=\"https:\/\/fossa-eugeniana.nl\/de\/unterrichtsprojekt-fossa-eugeniana\/\" \/>\n<meta property=\"og:site_name\" content=\"Fossa Eugeniana Arcen\" \/>\n<meta property=\"article:modified_time\" content=\"2025-01-26T19:26:33+00:00\" \/>\n<meta property=\"og:image\" content=\"https:\/\/fossa-eugeniana.nl\/wp-content\/uploads\/2022\/12\/Blariacum.png\" \/>\n<meta name=\"twitter:card\" content=\"summary_large_image\" \/>\n<meta name=\"twitter:label1\" content=\"Gesch\u00e4tzte Lesezeit\" \/>\n\t<meta name=\"twitter:data1\" content=\"4\u00a0Minuten\" \/>\n<script type=\"application\/ld+json\" class=\"yoast-schema-graph\">{\"@context\":\"https:\/\/schema.org\",\"@graph\":[{\"@type\":\"WebPage\",\"@id\":\"https:\/\/fossa-eugeniana.nl\/de\/unterrichtsprojekt-fossa-eugeniana\/\",\"url\":\"https:\/\/fossa-eugeniana.nl\/de\/unterrichtsprojekt-fossa-eugeniana\/\",\"name\":\"Unterrichtsprojekt Fossa Eugeniana - Fossa Eugeniana Arcen\",\"isPartOf\":{\"@id\":\"https:\/\/fossa-eugeniana.nl\/de\/#website\"},\"primaryImageOfPage\":{\"@id\":\"https:\/\/fossa-eugeniana.nl\/de\/unterrichtsprojekt-fossa-eugeniana\/#primaryimage\"},\"image\":{\"@id\":\"https:\/\/fossa-eugeniana.nl\/de\/unterrichtsprojekt-fossa-eugeniana\/#primaryimage\"},\"thumbnailUrl\":\"https:\/\/fossa-eugeniana.nl\/wp-content\/uploads\/2022\/12\/Blariacum.png\",\"datePublished\":\"2022-10-16T14:57:35+00:00\",\"dateModified\":\"2025-01-26T19:26:33+00:00\",\"breadcrumb\":{\"@id\":\"https:\/\/fossa-eugeniana.nl\/de\/unterrichtsprojekt-fossa-eugeniana\/#breadcrumb\"},\"inLanguage\":\"de\",\"potentialAction\":[{\"@type\":\"ReadAction\",\"target\":[\"https:\/\/fossa-eugeniana.nl\/de\/unterrichtsprojekt-fossa-eugeniana\/\"]}]},{\"@type\":\"ImageObject\",\"inLanguage\":\"de\",\"@id\":\"https:\/\/fossa-eugeniana.nl\/de\/unterrichtsprojekt-fossa-eugeniana\/#primaryimage\",\"url\":\"https:\/\/fossa-eugeniana.nl\/wp-content\/uploads\/2022\/12\/Blariacum.png\",\"contentUrl\":\"https:\/\/fossa-eugeniana.nl\/wp-content\/uploads\/2022\/12\/Blariacum.png\"},{\"@type\":\"BreadcrumbList\",\"@id\":\"https:\/\/fossa-eugeniana.nl\/de\/unterrichtsprojekt-fossa-eugeniana\/#breadcrumb\",\"itemListElement\":[{\"@type\":\"ListItem\",\"position\":1,\"name\":\"Home\",\"item\":\"https:\/\/fossa-eugeniana.nl\/de\/\"},{\"@type\":\"ListItem\",\"position\":2,\"name\":\"Unterrichtsprojekt Fossa Eugeniana\"}]},{\"@type\":\"WebSite\",\"@id\":\"https:\/\/fossa-eugeniana.nl\/de\/#website\",\"url\":\"https:\/\/fossa-eugeniana.nl\/de\/\",\"name\":\"Fossa Eugeniana Arcen\",\"description\":\"Historisch archief over dit onvoltooid kanaal\",\"potentialAction\":[{\"@type\":\"SearchAction\",\"target\":{\"@type\":\"EntryPoint\",\"urlTemplate\":\"https:\/\/fossa-eugeniana.nl\/de\/?s={search_term_string}\"},\"query-input\":{\"@type\":\"PropertyValueSpecification\",\"valueRequired\":true,\"valueName\":\"search_term_string\"}}],\"inLanguage\":\"de\"}]}<\/script>\n<!-- \/ Yoast SEO plugin. -->","yoast_head_json":{"title":"Unterrichtsprojekt Fossa Eugeniana - Fossa Eugeniana Arcen","robots":{"index":"index","follow":"follow","max-snippet":"max-snippet:-1","max-image-preview":"max-image-preview:large","max-video-preview":"max-video-preview:-1"},"canonical":"https:\/\/fossa-eugeniana.nl\/de\/unterrichtsprojekt-fossa-eugeniana\/","og_locale":"de_DE","og_type":"article","og_title":"Unterrichtsprojekt Fossa Eugeniana - Fossa Eugeniana Arcen","og_description":"[vc_row][vc_column][vc_column_text] Sehr geehrte Lehrerinnen und Lehrer, mit gro\u00dfer Freude bieten wir Ihnen hiermit das Lernpaket \u201eFossa Eugeniana\u201c an. F\u00fcr wen? Das Paket zielt auf Lernende der ersten vier Jahre der Sekundarstufe I, also die Klassen 5 bis 8. Woraus besteht das Paket? Das Paket setzt sich aus den folgenden Teilen zusammen: Den Dokumentarfilm \u00fcber\u00a0Die Fossa&hellip;","og_url":"https:\/\/fossa-eugeniana.nl\/de\/unterrichtsprojekt-fossa-eugeniana\/","og_site_name":"Fossa Eugeniana Arcen","article_modified_time":"2025-01-26T19:26:33+00:00","og_image":[{"url":"https:\/\/fossa-eugeniana.nl\/wp-content\/uploads\/2022\/12\/Blariacum.png","type":"","width":"","height":""}],"twitter_card":"summary_large_image","twitter_misc":{"Gesch\u00e4tzte Lesezeit":"4\u00a0Minuten"},"schema":{"@context":"https:\/\/schema.org","@graph":[{"@type":"WebPage","@id":"https:\/\/fossa-eugeniana.nl\/de\/unterrichtsprojekt-fossa-eugeniana\/","url":"https:\/\/fossa-eugeniana.nl\/de\/unterrichtsprojekt-fossa-eugeniana\/","name":"Unterrichtsprojekt Fossa Eugeniana - Fossa Eugeniana Arcen","isPartOf":{"@id":"https:\/\/fossa-eugeniana.nl\/de\/#website"},"primaryImageOfPage":{"@id":"https:\/\/fossa-eugeniana.nl\/de\/unterrichtsprojekt-fossa-eugeniana\/#primaryimage"},"image":{"@id":"https:\/\/fossa-eugeniana.nl\/de\/unterrichtsprojekt-fossa-eugeniana\/#primaryimage"},"thumbnailUrl":"https:\/\/fossa-eugeniana.nl\/wp-content\/uploads\/2022\/12\/Blariacum.png","datePublished":"2022-10-16T14:57:35+00:00","dateModified":"2025-01-26T19:26:33+00:00","breadcrumb":{"@id":"https:\/\/fossa-eugeniana.nl\/de\/unterrichtsprojekt-fossa-eugeniana\/#breadcrumb"},"inLanguage":"de","potentialAction":[{"@type":"ReadAction","target":["https:\/\/fossa-eugeniana.nl\/de\/unterrichtsprojekt-fossa-eugeniana\/"]}]},{"@type":"ImageObject","inLanguage":"de","@id":"https:\/\/fossa-eugeniana.nl\/de\/unterrichtsprojekt-fossa-eugeniana\/#primaryimage","url":"https:\/\/fossa-eugeniana.nl\/wp-content\/uploads\/2022\/12\/Blariacum.png","contentUrl":"https:\/\/fossa-eugeniana.nl\/wp-content\/uploads\/2022\/12\/Blariacum.png"},{"@type":"BreadcrumbList","@id":"https:\/\/fossa-eugeniana.nl\/de\/unterrichtsprojekt-fossa-eugeniana\/#breadcrumb","itemListElement":[{"@type":"ListItem","position":1,"name":"Home","item":"https:\/\/fossa-eugeniana.nl\/de\/"},{"@type":"ListItem","position":2,"name":"Unterrichtsprojekt Fossa Eugeniana"}]},{"@type":"WebSite","@id":"https:\/\/fossa-eugeniana.nl\/de\/#website","url":"https:\/\/fossa-eugeniana.nl\/de\/","name":"Fossa Eugeniana Arcen","description":"Historisch archief over dit onvoltooid kanaal","potentialAction":[{"@type":"SearchAction","target":{"@type":"EntryPoint","urlTemplate":"https:\/\/fossa-eugeniana.nl\/de\/?s={search_term_string}"},"query-input":{"@type":"PropertyValueSpecification","valueRequired":true,"valueName":"search_term_string"}}],"inLanguage":"de"}]}},"campaignId":"","_links":{"self":[{"href":"https:\/\/fossa-eugeniana.nl\/de\/wp-json\/wp\/v2\/pages\/1893","targetHints":{"allow":["GET"]}}],"collection":[{"href":"https:\/\/fossa-eugeniana.nl\/de\/wp-json\/wp\/v2\/pages"}],"about":[{"href":"https:\/\/fossa-eugeniana.nl\/de\/wp-json\/wp\/v2\/types\/page"}],"author":[{"embeddable":true,"href":"https:\/\/fossa-eugeniana.nl\/de\/wp-json\/wp\/v2\/users\/1"}],"replies":[{"embeddable":true,"href":"https:\/\/fossa-eugeniana.nl\/de\/wp-json\/wp\/v2\/comments?post=1893"}],"version-history":[{"count":37,"href":"https:\/\/fossa-eugeniana.nl\/de\/wp-json\/wp\/v2\/pages\/1893\/revisions"}],"predecessor-version":[{"id":2585,"href":"https:\/\/fossa-eugeniana.nl\/de\/wp-json\/wp\/v2\/pages\/1893\/revisions\/2585"}],"wp:attachment":[{"href":"https:\/\/fossa-eugeniana.nl\/de\/wp-json\/wp\/v2\/media?parent=1893"}],"curies":[{"name":"wp","href":"https:\/\/api.w.org\/{rel}","templated":true}]}}