{"id":2382,"date":"2022-12-17T16:49:48","date_gmt":"2022-12-17T16:49:48","guid":{"rendered":"https:\/\/fossa-eugeniana.nl\/?page_id=2382"},"modified":"2022-12-17T16:52:16","modified_gmt":"2022-12-17T16:52:16","slug":"bedingungen-und-konditionen","status":"publish","type":"page","link":"https:\/\/fossa-eugeniana.nl\/de\/bedingungen-und-konditionen\/","title":{"rendered":"Bedingungen und Konditionen"},"content":{"rendered":"<p>[vc_row][vc_column][vc_column_text]Diese allgemeinen Gesch\u00e4ftsbedingungen legen die Regeln und Vorschriften f\u00fcr die Nutzung der Website von Fossa Eugeniana fest, die sich unter www.fossa-eugeniana.nl befindet.<\/p>\n<p>Mit dem Zugriff auf diese Website gehen wir davon aus, dass Sie diese Bestimmungen und Bedingungen akzeptieren. Verwenden Sie Fossa Eugeniana nicht weiter, wenn Sie nicht mit allen auf dieser Seite genannten Bedingungen einverstanden sind.<\/p>\n<p>&nbsp;<\/p>\n<p><strong>Cookies<\/strong><br \/>\nDie Website verwendet Cookies, um Ihr Online-Erlebnis pers\u00f6nlicher zu gestalten. Wenn Sie Fossa Eugeniana \u00f6ffnen, stimmen Sie der Verwendung der erforderlichen Cookies zu.<\/p>\n<p>Ein Cookie ist eine Textdatei, die von einem Webserver auf Ihrer Festplatte abgelegt wird. Cookies k\u00f6nnen nicht verwendet werden, um Programme auszuf\u00fchren oder Viren auf Ihren Computer zu \u00fcbertragen. Cookies sind Ihnen eindeutig zugeordnet und k\u00f6nnen nur von einem Webserver in der Dom\u00e4ne gelesen werden, die das Cookie an Sie ausgegeben hat.<\/p>\n<p>Wir k\u00f6nnen Cookies verwenden, um Informationen f\u00fcr statistische oder Marketingzwecke zu sammeln, zu speichern und zu verfolgen, damit unsere Website funktioniert. Sie haben die M\u00f6glichkeit, optionale Cookies zu akzeptieren oder abzulehnen. Es gibt einige erforderliche Cookies, die f\u00fcr den Betrieb unserer Website notwendig sind. Diese Cookies bed\u00fcrfen nicht Ihrer Zustimmung, da sie immer funktionieren. Bitte beachten Sie, dass Sie mit der Annahme der erforderlichen Cookies auch Cookies von Drittanbietern akzeptieren, die von Diensten von Drittanbietern verwendet werden k\u00f6nnen, wenn Sie solche Dienste auf unserer Website nutzen, z. B. ein in unsere Website integriertes Videowiedergabefenster eines Drittanbieters.<\/p>\n<p>&nbsp;<\/p>\n<p><strong>Lizenz<\/strong><br \/>\nSofern nicht anders angegeben, besitzen Fossa Eugeniana und\/oder ihre Lizenzgeber die geistigen Eigentumsrechte f\u00fcr alle Daten auf Fossa Eugeniana. Alle Rechte am geistigen Eigentum sind vorbehalten. Sie k\u00f6nnen auf diese Website von Fossa Eugeniana f\u00fcr Ihren pers\u00f6nlichen Gebrauch zugreifen, vorbehaltlich der Einschr\u00e4nkungen, die in diesen allgemeinen Gesch\u00e4ftsbedingungen festgelegt sind.<\/p>\n<p>&nbsp;<\/p>\n<p><strong>Das d\u00fcrfen Sie nicht:<\/strong><\/p>\n<p>Kopieren oder Wiederver\u00f6ffentlichen von Material aus Fossa Eugeniana<br \/>\nMaterial von Fossa Eugeniana zu verkaufen, zu vermieten oder Unterlizenzen zu vergeben<br \/>\njegliches Material von Fossa Eugeniana zu reproduzieren, zu duplizieren oder zu kopieren<br \/>\nInhalte von Fossa Eugeniana weiterverteilen<br \/>\nDiese Vereinbarung beginnt an diesem Datum.<\/p>\n<p>&nbsp;<\/p>\n<p>Diese Vereinbarung beginnt an diesem Datum.<\/p>\n<p>Teile dieser Website erm\u00f6glichen es den Nutzern, Meinungen und Informationen zu bestimmten Bereichen der Website zu ver\u00f6ffentlichen und auszutauschen. Fossa Eugeniana filtert, bearbeitet, ver\u00f6ffentlicht oder \u00fcberpr\u00fcft keine Kommentare, bevor sie auf der Website erscheinen. Die Kommentare spiegeln nicht die Ansichten und Meinungen von Fossa Eugeniana, ihren Vertretern und\/oder angeschlossenen Unternehmen wider. Kommentare spiegeln die Ansichten und Meinungen der Person wider, die ihre Ansichten und Meinungen ver\u00f6ffentlicht. Fossa Eugeniana ist, soweit gesetzlich zul\u00e4ssig, nicht haftbar f\u00fcr die Kommentare oder f\u00fcr jegliche Haftung, Sch\u00e4den oder Kosten, die durch die Nutzung und\/oder die Ver\u00f6ffentlichung und\/oder das Erscheinen der Kommentare auf dieser Website verursacht und\/oder erlitten werden.<\/p>\n<p>Fossa Eugeniana beh\u00e4lt sich das Recht vor, alle Kommentare zu \u00fcberwachen und alle Kommentare zu entfernen, die als unangemessen, beleidigend oder als Versto\u00df gegen die vorliegenden allgemeinen Gesch\u00e4ftsbedingungen angesehen werden k\u00f6nnen.<\/p>\n<p>&nbsp;<\/p>\n<p><strong>Sie versichern und erkl\u00e4ren, dass:<\/strong><\/p>\n<p>Sie haben das Recht, die Kommentare auf unserer Website zu ver\u00f6ffentlichen, und verf\u00fcgen \u00fcber alle erforderlichen Lizenzen und Genehmigungen, um dies zu tun;<br \/>\nDie Kommentare verletzen keine Rechte an geistigem Eigentum, einschlie\u00dflich, aber nicht beschr\u00e4nkt auf Urheberrechte, Patente oder Marken Dritter;<br \/>\nDie Kommentare enthalten kein verleumderisches, beleidigendes, anst\u00f6\u00dfiges, unanst\u00e4ndiges oder anderweitig rechtswidriges Material, das eine Verletzung der Privatsph\u00e4re darstellt.<br \/>\nDie Kommentare werden nicht dazu verwendet, um Gesch\u00e4fte oder Gewohnheiten oder laufende kommerzielle Aktivit\u00e4ten oder illegale Aktivit\u00e4ten zu bewerben oder zu f\u00f6rdern.<br \/>\nSie erteilen Fossa Eugeniana hiermit eine nicht-exklusive Lizenz zur Nutzung, Vervielf\u00e4ltigung und Bearbeitung Ihrer Kommentare sowie zur Erm\u00e4chtigung anderer zur Nutzung, Vervielf\u00e4ltigung und Bearbeitung Ihrer Kommentare in allen Formen, Formaten oder Medien.<\/p>\n<p>&nbsp;<\/p>\n<p><strong>Hyperlinks zu unseren Inhalten<\/strong><br \/>\nDie folgenden Organisationen k\u00f6nnen ohne vorherige schriftliche Zustimmung einen Link zu unserer Website einrichten:<\/p>\n<p>Staatliche Stellen;<br \/>\nSuchmaschinen;<br \/>\nNachrichtenorganisationen;<br \/>\nOnline-Verzeichnisverteiler k\u00f6nnen auf unsere Website in gleicher Weise verlinken wie Hyperlinks zu den Websites anderer b\u00f6rsennotierter Unternehmen; und<br \/>\nAkkreditierte systemweite Unternehmen, mit Ausnahme von Non-Profit-Organisationen, Einkaufszentren f\u00fcr wohlt\u00e4tige Zwecke und Gruppen f\u00fcr wohlt\u00e4tige Zwecke, die keine Hyperlinks zu unserer Website einrichten d\u00fcrfen.<\/p>\n<p>Diese Organisationen k\u00f6nnen auf unsere Homepage, Ver\u00f6ffentlichungen oder andere Informationen auf der Website verlinken, solange der Link besteht: (a) in keiner Weise irref\u00fchrend ist; (b) nicht f\u00e4lschlicherweise eine F\u00f6rderung, Bef\u00fcrwortung oder Genehmigung der verlinkenden Partei und ihrer Produkte und\/oder Dienstleistungen impliziert; und (c) in den Kontext der Website der verlinkenden Partei passt.<\/p>\n<p>Wir k\u00f6nnen andere Linkanfragen von den folgenden Arten von Organisationen pr\u00fcfen und genehmigen:<\/p>\n<p>allgemein bekannte Informationsquellen f\u00fcr Verbraucher und\/oder Unternehmen;<br \/>\ndot.com-Gemeinschaftsseiten;<\/p>\n<p>Verb\u00e4nde oder andere Gruppen, die Wohlt\u00e4tigkeitsorganisationen vertreten;<br \/>\nOnline-Verzeichnisse f\u00fcr H\u00e4ndler;<br \/>\nInternetportale;<br \/>\nWirtschaftspr\u00fcfungs-, Anwalts- und Beratungsunternehmen und<br \/>\nBildungseinrichtungen und Berufsverb\u00e4nde.<\/p>\n<p>Wir werden Link-Antr\u00e4ge von diesen Organisationen genehmigen, wenn wir dies beschlie\u00dfen: (a) der Link w\u00fcrde uns oder unsere akkreditierten Unternehmen nicht in ein g\u00fcnstiges Licht r\u00fccken; (b) die Organisation hat keine negativen Eintr\u00e4ge bei uns; (c) der Nutzen, den wir aus der Sichtbarkeit des Hyperlinks ziehen, wiegt die Abwesenheit von Fossa Eugeniana auf; und (d) der Link steht im Zusammenhang mit allgemeinen Ressourceninformationen.<\/p>\n<p>Diese Organisationen d\u00fcrfen auf unsere Homepage verlinken, solange der Link besteht: (a) in keiner Weise irref\u00fchrend ist; (b) nicht f\u00e4lschlicherweise ein Sponsoring oder eine Bef\u00fcrwortung der verlinkenden Partei und ihrer Produkte oder Dienstleistungen impliziert; und (c) in den Kontext der Website der verlinkenden Partei passt.<\/p>\n<p>Wenn Sie eine der in Absatz 2 genannten Organisationen sind und Interesse an einer Verkn\u00fcpfung mit unserer Website haben, m\u00fcssen Sie uns dies per E-Mail an Fossa Eugeniana mitteilen. Geben Sie Ihren Namen, den Namen Ihrer Organisation, Ihre Kontaktdaten sowie die URL Ihrer Website, eine Liste aller URLs, von denen Sie zu unserer Website verlinken m\u00f6chten, und eine Liste der URLs auf unserer Website, zu denen Sie verlinken m\u00f6chten, an. Warten Sie 2-3 Wochen auf eine Antwort.<\/p>\n<p>&nbsp;<\/p>\n<p><strong>Zugelassene Organisationen k\u00f6nnen Hyperlinks zu unserer Website wie folgt setzen:<\/strong><\/p>\n<p>durch Verwendung unseres Firmennamens; oder<br \/>\ndurch Verwendung des Uniform Resource Locator, auf den verlinkt wird; oder<br \/>\nWenn Sie eine andere Beschreibung unserer verlinkten Website verwenden, muss diese im Kontext und im Format des Inhalts der verlinkten Website sinnvoll sein.<\/p>\n<p>Die Verwendung des Logos von Fossa Eugeniana oder anderer Grafiken ist ohne eine Markenlizenzvereinbarung f\u00fcr die Verlinkung nicht gestattet.<\/p>\n<p>&nbsp;<\/p>\n<p><strong>Haftung f\u00fcr Inhalte:<\/strong><br \/>\nWir k\u00f6nnen nicht f\u00fcr Inhalte auf Ihrer Website verantwortlich gemacht werden. Sie verpflichten sich, uns gegen alle auf Ihrer Website erhobenen Anspr\u00fcche zu sch\u00fctzen und zu verteidigen. Es d\u00fcrfen keine Links auf Websites erscheinen, die als verleumderisch, obsz\u00f6n oder kriminell ausgelegt werden k\u00f6nnten oder die Rechte Dritter verletzen, anderweitig verletzen oder die Verletzung oder sonstige Verletzung von Rechten Dritter bef\u00fcrworten.<\/p>\n<p>&nbsp;<\/p>\n<p><strong>Vorbehalt der Rechte<\/strong><br \/>\nWir behalten uns das Recht vor, Sie aufzufordern, alle Links oder einen bestimmten Link zu unserer Website zu entfernen. Sie verpflichten sich, alle Links zu unserer Website auf Anfrage unverz\u00fcglich zu entfernen. Wir behalten uns au\u00dferdem das Recht vor, diese Bedingungen und die Verlinkungspolitik jederzeit zu \u00e4ndern. Durch die kontinuierliche Verkn\u00fcpfung mit unserer Website erkl\u00e4ren Sie sich mit diesen Verkn\u00fcpfungsbedingungen einverstanden und halten sie ein.<\/p>\n<p>&nbsp;<\/p>\n<p><strong>Entfernung von Links von unserer Website<\/strong><br \/>\nWenn Sie einen Link auf unserer Website finden, der aus irgendeinem Grund anst\u00f6\u00dfig ist, k\u00f6nnen Sie sich jederzeit an uns wenden und uns dar\u00fcber informieren. Wir werden Anfragen zur Entfernung von Links pr\u00fcfen, sind aber nicht verpflichtet, Ihnen direkt zu antworten.<\/p>\n<p>Wir \u00fcbernehmen keine Gew\u00e4hr f\u00fcr die Richtigkeit der Informationen auf dieser Website. Wir \u00fcbernehmen keine Garantie f\u00fcr die Vollst\u00e4ndigkeit oder Richtigkeit, noch versprechen wir, dass die Website verf\u00fcgbar bleibt oder dass das Material auf der Website aktuell gehalten wird.<\/p>\n<p>&nbsp;<\/p>\n<p><strong>Haftungsausschluss<\/strong><br \/>\nSoweit dies nach geltendem Recht zul\u00e4ssig ist, schlie\u00dfen wir alle Zusicherungen, Gew\u00e4hrleistungen und Bedingungen in Bezug auf unsere Website und die Nutzung dieser Website aus. Keine der Bestimmungen dieses Haftungsausschlusses soll:<\/p>\n<p>unsere oder Ihre Haftung f\u00fcr Tod oder K\u00f6rperverletzung zu begrenzen oder auszuschlie\u00dfen;<br \/>\nunsere oder Ihre Haftung f\u00fcr Betrug oder arglistige T\u00e4uschung zu begrenzen oder auszuschlie\u00dfen;<br \/>\nunsere oder Ihre Haftung in einer Weise zu beschr\u00e4nken, die nach geltendem Recht nicht zul\u00e4ssig ist; oder<br \/>\nunsere oder Ihre Haftung auszuschlie\u00dfen, die nach geltendem Recht nicht ausgeschlossen werden kann.<\/p>\n<p>Die in diesem Abschnitt und an anderer Stelle in diesem Haftungsausschluss aufgef\u00fchrten Haftungsbeschr\u00e4nkungen und -verbote: (a) unterliegen dem vorstehenden Absatz; und (b) regeln alle Haftungen, die sich aus dem Haftungsausschluss ergeben, einschlie\u00dflich der Haftungen aus Vertrag, unerlaubter Handlung und Verletzung gesetzlicher Pflichten.<\/p>\n<p>Solange die Website sowie die Informationen und Dienstleistungen auf der Website kostenlos zur Verf\u00fcgung gestellt werden, haften wir nicht f\u00fcr Verluste oder Sch\u00e4den jeglicher Art.[\/vc_column_text][\/vc_column][\/vc_row]<\/p>\n","protected":false},"excerpt":{"rendered":"<p>[vc_row][vc_column][vc_column_text]Diese allgemeinen Gesch\u00e4ftsbedingungen legen die Regeln und Vorschriften f\u00fcr die Nutzung der Website von Fossa Eugeniana fest, die sich unter www.fossa-eugeniana.nl befindet. Mit dem Zugriff auf diese Website gehen wir davon aus, dass Sie diese Bestimmungen und Bedingungen akzeptieren. Verwenden Sie Fossa Eugeniana nicht weiter, wenn Sie nicht mit allen auf dieser Seite genannten Bedingungen&hellip;<\/p>\n","protected":false},"author":1,"featured_media":0,"parent":0,"menu_order":0,"comment_status":"closed","ping_status":"closed","template":"","meta":{"give_campaign_id":0,"_monsterinsights_skip_tracking":false,"_monsterinsights_sitenote_active":false,"_monsterinsights_sitenote_note":"","_monsterinsights_sitenote_category":0,"footnotes":""},"class_list":["post-2382","page","type-page","status-publish","hentry","description-off"],"yoast_head":"<!-- This site is optimized with the Yoast SEO plugin v26.6 - https:\/\/yoast.com\/wordpress\/plugins\/seo\/ -->\n<title>Bedingungen und Konditionen - Fossa Eugeniana Arcen<\/title>\n<meta name=\"robots\" content=\"index, follow, max-snippet:-1, max-image-preview:large, max-video-preview:-1\" \/>\n<link rel=\"canonical\" href=\"https:\/\/fossa-eugeniana.nl\/de\/bedingungen-und-konditionen\/\" \/>\n<meta property=\"og:locale\" content=\"de_DE\" \/>\n<meta property=\"og:type\" content=\"article\" \/>\n<meta property=\"og:title\" content=\"Bedingungen und Konditionen - Fossa Eugeniana Arcen\" \/>\n<meta property=\"og:description\" content=\"[vc_row][vc_column][vc_column_text]Diese allgemeinen Gesch\u00e4ftsbedingungen legen die Regeln und Vorschriften f\u00fcr die Nutzung der Website von Fossa Eugeniana fest, die sich unter www.fossa-eugeniana.nl befindet. Mit dem Zugriff auf diese Website gehen wir davon aus, dass Sie diese Bestimmungen und Bedingungen akzeptieren. Verwenden Sie Fossa Eugeniana nicht weiter, wenn Sie nicht mit allen auf dieser Seite genannten Bedingungen&hellip;\" \/>\n<meta property=\"og:url\" content=\"https:\/\/fossa-eugeniana.nl\/de\/bedingungen-und-konditionen\/\" \/>\n<meta property=\"og:site_name\" content=\"Fossa Eugeniana Arcen\" \/>\n<meta property=\"article:modified_time\" content=\"2022-12-17T16:52:16+00:00\" \/>\n<meta name=\"twitter:card\" content=\"summary_large_image\" \/>\n<meta name=\"twitter:label1\" content=\"Gesch\u00e4tzte Lesezeit\" \/>\n\t<meta name=\"twitter:data1\" content=\"7\u00a0Minuten\" \/>\n<script type=\"application\/ld+json\" class=\"yoast-schema-graph\">{\"@context\":\"https:\/\/schema.org\",\"@graph\":[{\"@type\":\"WebPage\",\"@id\":\"https:\/\/fossa-eugeniana.nl\/de\/bedingungen-und-konditionen\/\",\"url\":\"https:\/\/fossa-eugeniana.nl\/de\/bedingungen-und-konditionen\/\",\"name\":\"Bedingungen und Konditionen - Fossa Eugeniana Arcen\",\"isPartOf\":{\"@id\":\"https:\/\/fossa-eugeniana.nl\/de\/#website\"},\"datePublished\":\"2022-12-17T16:49:48+00:00\",\"dateModified\":\"2022-12-17T16:52:16+00:00\",\"breadcrumb\":{\"@id\":\"https:\/\/fossa-eugeniana.nl\/de\/bedingungen-und-konditionen\/#breadcrumb\"},\"inLanguage\":\"de\",\"potentialAction\":[{\"@type\":\"ReadAction\",\"target\":[\"https:\/\/fossa-eugeniana.nl\/de\/bedingungen-und-konditionen\/\"]}]},{\"@type\":\"BreadcrumbList\",\"@id\":\"https:\/\/fossa-eugeniana.nl\/de\/bedingungen-und-konditionen\/#breadcrumb\",\"itemListElement\":[{\"@type\":\"ListItem\",\"position\":1,\"name\":\"Home\",\"item\":\"https:\/\/fossa-eugeniana.nl\/de\/\"},{\"@type\":\"ListItem\",\"position\":2,\"name\":\"Bedingungen und Konditionen\"}]},{\"@type\":\"WebSite\",\"@id\":\"https:\/\/fossa-eugeniana.nl\/de\/#website\",\"url\":\"https:\/\/fossa-eugeniana.nl\/de\/\",\"name\":\"Fossa Eugeniana Arcen\",\"description\":\"Historisch archief over dit onvoltooid kanaal\",\"potentialAction\":[{\"@type\":\"SearchAction\",\"target\":{\"@type\":\"EntryPoint\",\"urlTemplate\":\"https:\/\/fossa-eugeniana.nl\/de\/?s={search_term_string}\"},\"query-input\":{\"@type\":\"PropertyValueSpecification\",\"valueRequired\":true,\"valueName\":\"search_term_string\"}}],\"inLanguage\":\"de\"}]}<\/script>\n<!-- \/ Yoast SEO plugin. -->","yoast_head_json":{"title":"Bedingungen und Konditionen - Fossa Eugeniana Arcen","robots":{"index":"index","follow":"follow","max-snippet":"max-snippet:-1","max-image-preview":"max-image-preview:large","max-video-preview":"max-video-preview:-1"},"canonical":"https:\/\/fossa-eugeniana.nl\/de\/bedingungen-und-konditionen\/","og_locale":"de_DE","og_type":"article","og_title":"Bedingungen und Konditionen - Fossa Eugeniana Arcen","og_description":"[vc_row][vc_column][vc_column_text]Diese allgemeinen Gesch\u00e4ftsbedingungen legen die Regeln und Vorschriften f\u00fcr die Nutzung der Website von Fossa Eugeniana fest, die sich unter www.fossa-eugeniana.nl befindet. Mit dem Zugriff auf diese Website gehen wir davon aus, dass Sie diese Bestimmungen und Bedingungen akzeptieren. Verwenden Sie Fossa Eugeniana nicht weiter, wenn Sie nicht mit allen auf dieser Seite genannten Bedingungen&hellip;","og_url":"https:\/\/fossa-eugeniana.nl\/de\/bedingungen-und-konditionen\/","og_site_name":"Fossa Eugeniana Arcen","article_modified_time":"2022-12-17T16:52:16+00:00","twitter_card":"summary_large_image","twitter_misc":{"Gesch\u00e4tzte Lesezeit":"7\u00a0Minuten"},"schema":{"@context":"https:\/\/schema.org","@graph":[{"@type":"WebPage","@id":"https:\/\/fossa-eugeniana.nl\/de\/bedingungen-und-konditionen\/","url":"https:\/\/fossa-eugeniana.nl\/de\/bedingungen-und-konditionen\/","name":"Bedingungen und Konditionen - Fossa Eugeniana Arcen","isPartOf":{"@id":"https:\/\/fossa-eugeniana.nl\/de\/#website"},"datePublished":"2022-12-17T16:49:48+00:00","dateModified":"2022-12-17T16:52:16+00:00","breadcrumb":{"@id":"https:\/\/fossa-eugeniana.nl\/de\/bedingungen-und-konditionen\/#breadcrumb"},"inLanguage":"de","potentialAction":[{"@type":"ReadAction","target":["https:\/\/fossa-eugeniana.nl\/de\/bedingungen-und-konditionen\/"]}]},{"@type":"BreadcrumbList","@id":"https:\/\/fossa-eugeniana.nl\/de\/bedingungen-und-konditionen\/#breadcrumb","itemListElement":[{"@type":"ListItem","position":1,"name":"Home","item":"https:\/\/fossa-eugeniana.nl\/de\/"},{"@type":"ListItem","position":2,"name":"Bedingungen und Konditionen"}]},{"@type":"WebSite","@id":"https:\/\/fossa-eugeniana.nl\/de\/#website","url":"https:\/\/fossa-eugeniana.nl\/de\/","name":"Fossa Eugeniana Arcen","description":"Historisch archief over dit onvoltooid kanaal","potentialAction":[{"@type":"SearchAction","target":{"@type":"EntryPoint","urlTemplate":"https:\/\/fossa-eugeniana.nl\/de\/?s={search_term_string}"},"query-input":{"@type":"PropertyValueSpecification","valueRequired":true,"valueName":"search_term_string"}}],"inLanguage":"de"}]}},"campaignId":"","_links":{"self":[{"href":"https:\/\/fossa-eugeniana.nl\/de\/wp-json\/wp\/v2\/pages\/2382","targetHints":{"allow":["GET"]}}],"collection":[{"href":"https:\/\/fossa-eugeniana.nl\/de\/wp-json\/wp\/v2\/pages"}],"about":[{"href":"https:\/\/fossa-eugeniana.nl\/de\/wp-json\/wp\/v2\/types\/page"}],"author":[{"embeddable":true,"href":"https:\/\/fossa-eugeniana.nl\/de\/wp-json\/wp\/v2\/users\/1"}],"replies":[{"embeddable":true,"href":"https:\/\/fossa-eugeniana.nl\/de\/wp-json\/wp\/v2\/comments?post=2382"}],"version-history":[{"count":2,"href":"https:\/\/fossa-eugeniana.nl\/de\/wp-json\/wp\/v2\/pages\/2382\/revisions"}],"predecessor-version":[{"id":2384,"href":"https:\/\/fossa-eugeniana.nl\/de\/wp-json\/wp\/v2\/pages\/2382\/revisions\/2384"}],"wp:attachment":[{"href":"https:\/\/fossa-eugeniana.nl\/de\/wp-json\/wp\/v2\/media?parent=2382"}],"curies":[{"name":"wp","href":"https:\/\/api.w.org\/{rel}","templated":true}]}}