{"id":2407,"date":"2022-12-18T13:04:18","date_gmt":"2022-12-18T13:04:18","guid":{"rendered":"https:\/\/fossa-eugeniana.nl\/privacyverklaring\/"},"modified":"2022-12-30T15:41:37","modified_gmt":"2022-12-30T15:41:37","slug":"erklaerung-zum-datenschutz","status":"publish","type":"page","link":"https:\/\/fossa-eugeniana.nl\/de\/erklaerung-zum-datenschutz\/","title":{"rendered":"Erkl\u00e4rung zum Datenschutz"},"content":{"rendered":"<p>[vc_row][vc_column][vc_empty_space][vc_column_text]Fossa Eugeniana, Boerenweg 30A, 5944 EK Arcen,<br \/>\nist f\u00fcr die Verarbeitung der in dieser Datenschutzerkl\u00e4rung genannten personenbezogenen Daten verantwortlich.<\/p>\n<p><strong>Kontaktinformationen<\/strong>:<\/p>\n<p>Boerenweg 30A<br \/>\n5944 EK Arcen<br \/>\n0629103442<\/p>\n<p>Gerard van Kruisbergen ist der Datenschutzbeauftragte von Fossa Eugeniana.<br \/>\nSie erreichen ihn unter <a href=\"mailto:fossa-eugeniana@hkarcen.nl\">fossa-eugeniana@hkarcen.nl<\/a><\/p>\n<p>Von uns verarbeitete personenbezogene Daten<\/p>\n<p>Fossa Eugeniana verarbeitet Ihre pers\u00f6nlichen Daten, weil Sie unsere Dienstleistungen in Anspruch nehmen und\/oder weil Sie sie uns selbst zur Verf\u00fcgung stellen. Nachstehend finden Sie einen \u00dcberblick \u00fcber die von uns verarbeiteten personenbezogenen Daten:<\/p>\n<p>&#8211; Vor- und Nachname<br \/>\n&#8211; Rufnummer<br \/>\n&#8211; E-Mail Adresse<br \/>\n&#8211; IP-Adresse<br \/>\n&#8211; Andere personenbezogene Daten, die Sie aktiv zur Verf\u00fcgung stellen, z. B. durch die Erstellung eines Profils auf dieser Website, im Schriftverkehr und per Telefon<br \/>\n&#8211; Standortdaten<br \/>\n&#8211; Daten \u00fcber Ihre Aktivit\u00e4ten auf unserer Website<br \/>\n&#8211; Daten \u00fcber Ihr Surfverhalten auf verschiedenen Websites (z. B. weil dieses Unternehmen Teil eines Werbenetzwerks ist)<\/p>\n<p><strong>Besondere und\/oder sensible personenbezogene Daten, die wir verarbeiten<\/strong><\/p>\n<p>Unsere Website und\/oder unser Dienst haben nicht die Absicht, Daten \u00fcber Website-Besucher zu sammeln, die j\u00fcnger als 16 Jahre sind. Es sei denn, sie haben die Erlaubnis der Eltern oder Erziehungsberechtigten. Wir k\u00f6nnen jedoch nicht \u00fcberpr\u00fcfen, ob ein Besucher \u00e4lter als 16 Jahre ist. Wir raten daher den Eltern, sich an den Online-Aktivit\u00e4ten ihrer Kinder zu beteiligen, um zu vermeiden, dass Daten \u00fcber Kinder ohne elterliche Zustimmung gesammelt werden. Wenn Sie davon \u00fcberzeugt sind, dass wir personenbezogene Daten \u00fcber einen Minderj\u00e4hrigen ohne eine solche Zustimmung gesammelt haben, wenden Sie sich bitte an<a href=\"mailto:fossa-eugeniana@hkarcen.nl\"> fossa-eugeniana@hkarcen.nl<\/a>, und wir werden diese Informationen l\u00f6schen.<strong>\u00a0<\/strong><\/p>\n<p>Zu welchem Zweck und auf welcher Grundlage wir personenbezogene Daten verarbeiten<\/p>\n<p>Fossa Eugeniana verarbeitet Ihre personenbezogenen Daten f\u00fcr die folgenden Zwecke:<\/p>\n<p>&#8211; Um Sie bei Bedarf anrufen oder eine E-Mail senden zu k\u00f6nnen, um unsere Dienstleistungen zu erbringen<\/p>\n<p><strong>Automatisierte Entscheidungsfindung<\/strong><\/p>\n<p>Fossa Eugeniana \u00fcbernimmt die Verantwortung auf der Grundlage automatisierter Verarbeitungsentscheidungen \u00fcber Angelegenheiten, die den Einzelnen (erheblich) beeintr\u00e4chtigen k\u00f6nnen. Dabei handelt es sich um Entscheidungen, die von Computerprogrammen oder -systemen getroffen werden, ohne dass ein Mensch (z. B. ein Mitarbeiter von Fossa Eugeniana) anwesend ist. Fossa Eugeniana verwendet die folgenden Computerprogramme oder -systeme: Website mit Kontaktformular.<\/p>\n<p><strong>Wie lange wir personenbezogene Daten aufbewahren<\/strong><\/p>\n<p>Fossa Eugeniana bewahrt Ihre personenbezogenen Daten nicht l\u00e4nger auf, als es f\u00fcr die Erf\u00fcllung der Zwecke, f\u00fcr die Ihre Daten erhoben wurden, unbedingt erforderlich ist. Wir verwenden die folgenden Aufbewahrungsfristen f\u00fcr die folgenden (Kategorien) von personenbezogenen Daten: 5 Jahre.<\/p>\n<p><strong>Weitergabe personenbezogener Daten an Dritte<\/strong><\/p>\n<p>Fossa Eugeniana verkauft Ihre Daten nicht an Dritte und stellt sie nur dann zur Verf\u00fcgung, wenn dies f\u00fcr die Erf\u00fcllung unserer Vereinbarung mit Ihnen oder zur Erf\u00fcllung einer gesetzlichen Verpflichtung notwendig ist. Mit Unternehmen, die Ihre Daten in unserem Auftrag verarbeiten, schlie\u00dfen wir einen Auftragsverarbeitungsvertrag, um das gleiche Ma\u00df an Sicherheit und Vertraulichkeit Ihrer Daten zu gew\u00e4hrleisten. Fossa Eugeniana bleibt f\u00fcr diese Verarbeitung zust\u00e4ndig.<\/p>\n<p><strong>Cookies oder \u00e4hnliche Techniken, die wir verwenden<\/strong><\/p>\n<p>Fossa Eugeniana verwendet funktionale, analytische und Tracking-Cookies. Ein Cookie ist eine kleine Textdatei, die im Browser Ihres Computers, Tablets oder Smartphones gespeichert wird, wenn Sie diese Website zum ersten Mal besuchen. Fossa Eugeniana verwendet Cookies mit einer rein technischen Funktionalit\u00e4t. Diese sorgen daf\u00fcr, dass die Website ordnungsgem\u00e4\u00df funktioniert und dass beispielsweise Ihre Einstellungen gespeichert werden. Diese Cookies werden auch verwendet, um das Funktionieren der Website zu gew\u00e4hrleisten und sie zu optimieren. Dar\u00fcber hinaus platzieren wir Cookies, die Ihr Surfverhalten verfolgen, damit wir Ihnen ma\u00dfgeschneiderte Inhalte und Werbung anbieten k\u00f6nnen. Bei Ihrem ersten Besuch auf unserer Website haben wir Sie bereits \u00fcber diese Cookies informiert und um Ihr Einverst\u00e4ndnis gebeten, sie zu platzieren. Sie k\u00f6nnen die Verwendung von Cookies ablehnen, indem Sie Ihren Internet-Browser so einstellen, dass keine Cookies mehr gespeichert werden. Dar\u00fcber hinaus k\u00f6nnen Sie \u00fcber Ihre Browser-Einstellungen alle zuvor gespeicherten Informationen l\u00f6schen.<\/p>\n<div><\/div>\n<p><strong>Einsehen, Korrigieren oder L\u00f6schen von Daten<\/strong><\/p>\n<p>Sie haben das Recht, Ihre personenbezogenen Daten einzusehen, zu berichtigen oder zu l\u00f6schen. Dar\u00fcber hinaus haben Sie das Recht, Ihre eventuelle Zustimmung zur Datenverarbeitung zu widerrufen oder der Verarbeitung Ihrer personenbezogenen Daten durch Fossa Eugeniana zu widersprechen, und Sie haben das Recht auf Daten\u00fcbertragbarkeit. Das bedeutet, dass Sie bei uns beantragen k\u00f6nnen, dass die personenbezogenen Daten, die wir \u00fcber Sie in einer Computerdatei gespeichert haben, an Sie oder eine andere von Ihnen benannte Organisation \u00fcbermittelt werden. Sie k\u00f6nnen einen Antrag auf Einsichtnahme, Berichtigung, L\u00f6schung, Daten\u00fcbertragbarkeit Ihrer personenbezogenen Daten oder einen Antrag auf Widerruf Ihrer Einwilligung oder Widerspruch gegen die Verarbeitung Ihrer personenbezogenen Daten an <a href=\"mailto:fossa-eugeniana@hkarcen.nl\">fossa-eugeniana@hkarcen.nl<\/a> senden. Um sicherzustellen, dass der Antrag auf Einsichtnahme von Ihnen gestellt wird, bitten wir Sie, dem Antrag eine Kopie Ihres Identit\u00e4tsnachweises beizuf\u00fcgen. Schw\u00e4rzen Sie auf dieser Kopie Ihr Passfoto, die MRZ (maschinenlesbare Zone, der Zahlenstreifen am unteren Rand des Passes), die Passnummer und die B\u00fcrgerservicenummer (BSN). Dies dient dem Schutz Ihrer Privatsph\u00e4re. Wir werden Ihre Anfrage so schnell wie m\u00f6glich, jedoch innerhalb von vier Wochen beantworten. Fossa Eugeniana m\u00f6chte Sie auch dar\u00fcber informieren, dass Sie die M\u00f6glichkeit haben, eine Beschwerde bei der nationalen Aufsichtsbeh\u00f6rde, der Beh\u00f6rde f\u00fcr personenbezogene Daten, einzureichen.<\/p>\n<p><strong>Wie wir personenbezogene Daten sch\u00fctzen<\/strong><\/p>\n<p>Fossa Eugeniana nimmt den Schutz Ihrer Daten ernst und ergreift geeignete Ma\u00dfnahmen, um Missbrauch, Verlust, unbefugtem Zugriff, unerw\u00fcnschter Offenlegung und unbefugter \u00c4nderung entgegenzuwirken. Wenn Sie den Eindruck haben, dass Ihre Daten nicht ordnungsgem\u00e4\u00df gesichert sind oder es Anzeichen f\u00fcr einen Missbrauch gibt, wenden Sie sich bitte an unseren Kundendienst oder \u00fcber <a href=\"mailto:fossa-eugeniana@hkarcen.nl\">fossa-eugeniana@hkarcen.nl<\/a>.[\/vc_column_text][\/vc_column][\/vc_row]<\/p>\n","protected":false},"excerpt":{"rendered":"<p>[vc_row][vc_column][vc_empty_space][vc_column_text]Fossa Eugeniana, Boerenweg 30A, 5944 EK Arcen, ist f\u00fcr die Verarbeitung der in dieser Datenschutzerkl\u00e4rung genannten personenbezogenen Daten verantwortlich. Kontaktinformationen: Boerenweg 30A 5944 EK Arcen 0629103442 Gerard van Kruisbergen ist der Datenschutzbeauftragte von Fossa Eugeniana. Sie erreichen ihn unter fossa-eugeniana@hkarcen.nl Von uns verarbeitete personenbezogene Daten Fossa Eugeniana verarbeitet Ihre pers\u00f6nlichen Daten, weil Sie unsere Dienstleistungen&hellip;<\/p>\n","protected":false},"author":1,"featured_media":0,"parent":0,"menu_order":0,"comment_status":"closed","ping_status":"closed","template":"","meta":{"give_campaign_id":0,"_monsterinsights_skip_tracking":false,"_monsterinsights_sitenote_active":false,"_monsterinsights_sitenote_note":"","_monsterinsights_sitenote_category":0,"footnotes":""},"class_list":["post-2407","page","type-page","status-publish","hentry","description-off"],"yoast_head":"<!-- This site is optimized with the Yoast SEO plugin v26.6 - https:\/\/yoast.com\/wordpress\/plugins\/seo\/ -->\n<title>Erkl\u00e4rung zum Datenschutz - Fossa Eugeniana Arcen<\/title>\n<meta name=\"robots\" content=\"index, follow, max-snippet:-1, max-image-preview:large, max-video-preview:-1\" \/>\n<link rel=\"canonical\" href=\"https:\/\/fossa-eugeniana.nl\/de\/erklaerung-zum-datenschutz\/\" \/>\n<meta property=\"og:locale\" content=\"de_DE\" \/>\n<meta property=\"og:type\" content=\"article\" \/>\n<meta property=\"og:title\" content=\"Erkl\u00e4rung zum Datenschutz - Fossa Eugeniana Arcen\" \/>\n<meta property=\"og:description\" content=\"[vc_row][vc_column][vc_empty_space][vc_column_text]Fossa Eugeniana, Boerenweg 30A, 5944 EK Arcen, ist f\u00fcr die Verarbeitung der in dieser Datenschutzerkl\u00e4rung genannten personenbezogenen Daten verantwortlich. Kontaktinformationen: Boerenweg 30A 5944 EK Arcen 0629103442 Gerard van Kruisbergen ist der Datenschutzbeauftragte von Fossa Eugeniana. Sie erreichen ihn unter fossa-eugeniana@hkarcen.nl Von uns verarbeitete personenbezogene Daten Fossa Eugeniana verarbeitet Ihre pers\u00f6nlichen Daten, weil Sie unsere Dienstleistungen&hellip;\" \/>\n<meta property=\"og:url\" content=\"https:\/\/fossa-eugeniana.nl\/de\/erklaerung-zum-datenschutz\/\" \/>\n<meta property=\"og:site_name\" content=\"Fossa Eugeniana Arcen\" \/>\n<meta property=\"article:modified_time\" content=\"2022-12-30T15:41:37+00:00\" \/>\n<meta name=\"twitter:card\" content=\"summary_large_image\" \/>\n<meta name=\"twitter:label1\" content=\"Gesch\u00e4tzte Lesezeit\" \/>\n\t<meta name=\"twitter:data1\" content=\"5\u00a0Minuten\" \/>\n<script type=\"application\/ld+json\" class=\"yoast-schema-graph\">{\"@context\":\"https:\/\/schema.org\",\"@graph\":[{\"@type\":\"WebPage\",\"@id\":\"https:\/\/fossa-eugeniana.nl\/de\/erklaerung-zum-datenschutz\/\",\"url\":\"https:\/\/fossa-eugeniana.nl\/de\/erklaerung-zum-datenschutz\/\",\"name\":\"Erkl\u00e4rung zum Datenschutz - Fossa Eugeniana Arcen\",\"isPartOf\":{\"@id\":\"https:\/\/fossa-eugeniana.nl\/de\/#website\"},\"datePublished\":\"2022-12-18T13:04:18+00:00\",\"dateModified\":\"2022-12-30T15:41:37+00:00\",\"breadcrumb\":{\"@id\":\"https:\/\/fossa-eugeniana.nl\/de\/erklaerung-zum-datenschutz\/#breadcrumb\"},\"inLanguage\":\"de\",\"potentialAction\":[{\"@type\":\"ReadAction\",\"target\":[\"https:\/\/fossa-eugeniana.nl\/de\/erklaerung-zum-datenschutz\/\"]}]},{\"@type\":\"BreadcrumbList\",\"@id\":\"https:\/\/fossa-eugeniana.nl\/de\/erklaerung-zum-datenschutz\/#breadcrumb\",\"itemListElement\":[{\"@type\":\"ListItem\",\"position\":1,\"name\":\"Home\",\"item\":\"https:\/\/fossa-eugeniana.nl\/de\/\"},{\"@type\":\"ListItem\",\"position\":2,\"name\":\"Erkl\u00e4rung zum Datenschutz\"}]},{\"@type\":\"WebSite\",\"@id\":\"https:\/\/fossa-eugeniana.nl\/de\/#website\",\"url\":\"https:\/\/fossa-eugeniana.nl\/de\/\",\"name\":\"Fossa Eugeniana Arcen\",\"description\":\"Historisch archief over dit onvoltooid kanaal\",\"potentialAction\":[{\"@type\":\"SearchAction\",\"target\":{\"@type\":\"EntryPoint\",\"urlTemplate\":\"https:\/\/fossa-eugeniana.nl\/de\/?s={search_term_string}\"},\"query-input\":{\"@type\":\"PropertyValueSpecification\",\"valueRequired\":true,\"valueName\":\"search_term_string\"}}],\"inLanguage\":\"de\"}]}<\/script>\n<!-- \/ Yoast SEO plugin. -->","yoast_head_json":{"title":"Erkl\u00e4rung zum Datenschutz - Fossa Eugeniana Arcen","robots":{"index":"index","follow":"follow","max-snippet":"max-snippet:-1","max-image-preview":"max-image-preview:large","max-video-preview":"max-video-preview:-1"},"canonical":"https:\/\/fossa-eugeniana.nl\/de\/erklaerung-zum-datenschutz\/","og_locale":"de_DE","og_type":"article","og_title":"Erkl\u00e4rung zum Datenschutz - Fossa Eugeniana Arcen","og_description":"[vc_row][vc_column][vc_empty_space][vc_column_text]Fossa Eugeniana, Boerenweg 30A, 5944 EK Arcen, ist f\u00fcr die Verarbeitung der in dieser Datenschutzerkl\u00e4rung genannten personenbezogenen Daten verantwortlich. Kontaktinformationen: Boerenweg 30A 5944 EK Arcen 0629103442 Gerard van Kruisbergen ist der Datenschutzbeauftragte von Fossa Eugeniana. Sie erreichen ihn unter fossa-eugeniana@hkarcen.nl Von uns verarbeitete personenbezogene Daten Fossa Eugeniana verarbeitet Ihre pers\u00f6nlichen Daten, weil Sie unsere Dienstleistungen&hellip;","og_url":"https:\/\/fossa-eugeniana.nl\/de\/erklaerung-zum-datenschutz\/","og_site_name":"Fossa Eugeniana Arcen","article_modified_time":"2022-12-30T15:41:37+00:00","twitter_card":"summary_large_image","twitter_misc":{"Gesch\u00e4tzte Lesezeit":"5\u00a0Minuten"},"schema":{"@context":"https:\/\/schema.org","@graph":[{"@type":"WebPage","@id":"https:\/\/fossa-eugeniana.nl\/de\/erklaerung-zum-datenschutz\/","url":"https:\/\/fossa-eugeniana.nl\/de\/erklaerung-zum-datenschutz\/","name":"Erkl\u00e4rung zum Datenschutz - Fossa Eugeniana Arcen","isPartOf":{"@id":"https:\/\/fossa-eugeniana.nl\/de\/#website"},"datePublished":"2022-12-18T13:04:18+00:00","dateModified":"2022-12-30T15:41:37+00:00","breadcrumb":{"@id":"https:\/\/fossa-eugeniana.nl\/de\/erklaerung-zum-datenschutz\/#breadcrumb"},"inLanguage":"de","potentialAction":[{"@type":"ReadAction","target":["https:\/\/fossa-eugeniana.nl\/de\/erklaerung-zum-datenschutz\/"]}]},{"@type":"BreadcrumbList","@id":"https:\/\/fossa-eugeniana.nl\/de\/erklaerung-zum-datenschutz\/#breadcrumb","itemListElement":[{"@type":"ListItem","position":1,"name":"Home","item":"https:\/\/fossa-eugeniana.nl\/de\/"},{"@type":"ListItem","position":2,"name":"Erkl\u00e4rung zum Datenschutz"}]},{"@type":"WebSite","@id":"https:\/\/fossa-eugeniana.nl\/de\/#website","url":"https:\/\/fossa-eugeniana.nl\/de\/","name":"Fossa Eugeniana Arcen","description":"Historisch archief over dit onvoltooid kanaal","potentialAction":[{"@type":"SearchAction","target":{"@type":"EntryPoint","urlTemplate":"https:\/\/fossa-eugeniana.nl\/de\/?s={search_term_string}"},"query-input":{"@type":"PropertyValueSpecification","valueRequired":true,"valueName":"search_term_string"}}],"inLanguage":"de"}]}},"campaignId":"","_links":{"self":[{"href":"https:\/\/fossa-eugeniana.nl\/de\/wp-json\/wp\/v2\/pages\/2407","targetHints":{"allow":["GET"]}}],"collection":[{"href":"https:\/\/fossa-eugeniana.nl\/de\/wp-json\/wp\/v2\/pages"}],"about":[{"href":"https:\/\/fossa-eugeniana.nl\/de\/wp-json\/wp\/v2\/types\/page"}],"author":[{"embeddable":true,"href":"https:\/\/fossa-eugeniana.nl\/de\/wp-json\/wp\/v2\/users\/1"}],"replies":[{"embeddable":true,"href":"https:\/\/fossa-eugeniana.nl\/de\/wp-json\/wp\/v2\/comments?post=2407"}],"version-history":[{"count":4,"href":"https:\/\/fossa-eugeniana.nl\/de\/wp-json\/wp\/v2\/pages\/2407\/revisions"}],"predecessor-version":[{"id":2411,"href":"https:\/\/fossa-eugeniana.nl\/de\/wp-json\/wp\/v2\/pages\/2407\/revisions\/2411"}],"wp:attachment":[{"href":"https:\/\/fossa-eugeniana.nl\/de\/wp-json\/wp\/v2\/media?parent=2407"}],"curies":[{"name":"wp","href":"https:\/\/api.w.org\/{rel}","templated":true}]}}