{"id":2483,"date":"2023-06-25T08:39:35","date_gmt":"2023-06-25T08:39:35","guid":{"rendered":"https:\/\/fossa-eugeniana.nl\/film\/"},"modified":"2023-06-25T09:09:25","modified_gmt":"2023-06-25T09:09:25","slug":"film","status":"publish","type":"page","link":"https:\/\/fossa-eugeniana.nl\/de\/film\/","title":{"rendered":"Film"},"content":{"rendered":"<p>[vc_row][vc_column][vc_column_text]<strong><em>Quelle: <a href=\"https:\/\/www.youtube.com\/@HuubProductions\" target=\"_blank\" rel=\"noopener\">HuubProductions<\/a><br \/>\n<\/em><\/strong><em>F\u00fcr ein optimales Erlebnis k\u00f6nnen Sie den Film in der unteren rechten Ecke des Wiedergabefensters als &#8222;<strong>Vollbild<\/strong>&#8220; abspielen. Dr\u00fccken Sie zuerst die <strong>Wiedergabetaste<\/strong> und stellen Sie dann die Anzeige ein.<\/em>[\/vc_column_text][vc_raw_html]JTNDaWZyYW1lJTIwd2lkdGglM0QlMjIxMDAlMjUlMjIlMjBoZWlnaHQlM0QlMjI2MDAlMjIlMjBzcmMlM0QlMjJodHRwcyUzQSUyRiUyRnd3dy55b3V0dWJlLmNvbSUyRmVtYmVkJTJGTFhJZ2ozT3VFck0lMjIlMjB0aXRsZSUzRCUyMllvdVR1YmUlMjB2aWRlbyUyMHBsYXllciUyMiUyMGZyYW1lYm9yZGVyJTNEJTIyMCUyMiUyMGFsbG93JTNEJTIyYWNjZWxlcm9tZXRlciUzQiUyMGF1dG9wbGF5JTNCJTIwY2xpcGJvYXJkLXdyaXRlJTNCJTIwZW5jcnlwdGVkLW1lZGlhJTNCJTIwZ3lyb3Njb3BlJTNCJTIwcGljdHVyZS1pbi1waWN0dXJlJTNCJTIwd2ViLXNoYXJlJTIyJTIwYWxsb3dmdWxsc2NyZWVuJTNFJTNDJTJGaWZyYW1lJTNF[\/vc_raw_html][\/vc_column][\/vc_row]<\/p>\n","protected":false},"excerpt":{"rendered":"<p>[vc_row][vc_column][vc_column_text]Quelle: HuubProductions F\u00fcr ein optimales Erlebnis k\u00f6nnen Sie den Film in der unteren rechten Ecke des Wiedergabefensters als &#8222;Vollbild&#8220; abspielen. Dr\u00fccken Sie zuerst die Wiedergabetaste und stellen Sie dann die Anzeige ein.[\/vc_column_text][vc_raw_html]JTNDaWZyYW1lJTIwd2lkdGglM0QlMjIxMDAlMjUlMjIlMjBoZWlnaHQlM0QlMjI2MDAlMjIlMjBzcmMlM0QlMjJodHRwcyUzQSUyRiUyRnd3dy55b3V0dWJlLmNvbSUyRmVtYmVkJTJGTFhJZ2ozT3VFck0lMjIlMjB0aXRsZSUzRCUyMllvdVR1YmUlMjB2aWRlbyUyMHBsYXllciUyMiUyMGZyYW1lYm9yZGVyJTNEJTIyMCUyMiUyMGFsbG93JTNEJTIyYWNjZWxlcm9tZXRlciUzQiUyMGF1dG9wbGF5JTNCJTIwY2xpcGJvYXJkLXdyaXRlJTNCJTIwZW5jcnlwdGVkLW1lZGlhJTNCJTIwZ3lyb3Njb3BlJTNCJTIwcGljdHVyZS1pbi1waWN0dXJlJTNCJTIwd2ViLXNoYXJlJTIyJTIwYWxsb3dmdWxsc2NyZWVuJTNFJTNDJTJGaWZyYW1lJTNF[\/vc_raw_html][\/vc_column][\/vc_row]<\/p>\n","protected":false},"author":1,"featured_media":0,"parent":0,"menu_order":0,"comment_status":"closed","ping_status":"closed","template":"","meta":{"give_campaign_id":0,"_monsterinsights_skip_tracking":false,"_monsterinsights_sitenote_active":false,"_monsterinsights_sitenote_note":"","_monsterinsights_sitenote_category":0,"footnotes":""},"class_list":["post-2483","page","type-page","status-publish","hentry","description-off"],"yoast_head":"<!-- This site is optimized with the Yoast SEO plugin v26.6 - https:\/\/yoast.com\/wordpress\/plugins\/seo\/ -->\n<title>Film - Fossa Eugeniana Arcen<\/title>\n<meta name=\"robots\" content=\"index, follow, max-snippet:-1, max-image-preview:large, max-video-preview:-1\" \/>\n<link rel=\"canonical\" href=\"https:\/\/fossa-eugeniana.nl\/de\/film\/\" \/>\n<meta property=\"og:locale\" content=\"de_DE\" \/>\n<meta property=\"og:type\" content=\"article\" \/>\n<meta property=\"og:title\" content=\"Film - Fossa Eugeniana Arcen\" \/>\n<meta property=\"og:description\" content=\"[vc_row][vc_column][vc_column_text]Quelle: HuubProductions F\u00fcr ein optimales Erlebnis k\u00f6nnen Sie den Film in der unteren rechten Ecke des Wiedergabefensters als &#8222;Vollbild&#8220; abspielen. Dr\u00fccken Sie zuerst die Wiedergabetaste und stellen Sie dann die Anzeige ein.[\/vc_column_text][vc_raw_html]JTNDaWZyYW1lJTIwd2lkdGglM0QlMjIxMDAlMjUlMjIlMjBoZWlnaHQlM0QlMjI2MDAlMjIlMjBzcmMlM0QlMjJodHRwcyUzQSUyRiUyRnd3dy55b3V0dWJlLmNvbSUyRmVtYmVkJTJGTFhJZ2ozT3VFck0lMjIlMjB0aXRsZSUzRCUyMllvdVR1YmUlMjB2aWRlbyUyMHBsYXllciUyMiUyMGZyYW1lYm9yZGVyJTNEJTIyMCUyMiUyMGFsbG93JTNEJTIyYWNjZWxlcm9tZXRlciUzQiUyMGF1dG9wbGF5JTNCJTIwY2xpcGJvYXJkLXdyaXRlJTNCJTIwZW5jcnlwdGVkLW1lZGlhJTNCJTIwZ3lyb3Njb3BlJTNCJTIwcGljdHVyZS1pbi1waWN0dXJlJTNCJTIwd2ViLXNoYXJlJTIyJTIwYWxsb3dmdWxsc2NyZWVuJTNFJTNDJTJGaWZyYW1lJTNF[\/vc_raw_html][\/vc_column][\/vc_row]\" \/>\n<meta property=\"og:url\" content=\"https:\/\/fossa-eugeniana.nl\/de\/film\/\" \/>\n<meta property=\"og:site_name\" content=\"Fossa Eugeniana Arcen\" \/>\n<meta property=\"article:modified_time\" content=\"2023-06-25T09:09:25+00:00\" \/>\n<meta name=\"twitter:card\" content=\"summary_large_image\" \/>\n<meta name=\"twitter:label1\" content=\"Gesch\u00e4tzte Lesezeit\" \/>\n\t<meta name=\"twitter:data1\" content=\"1\u00a0Minute\" \/>\n<script type=\"application\/ld+json\" class=\"yoast-schema-graph\">{\"@context\":\"https:\/\/schema.org\",\"@graph\":[{\"@type\":\"WebPage\",\"@id\":\"https:\/\/fossa-eugeniana.nl\/de\/film\/\",\"url\":\"https:\/\/fossa-eugeniana.nl\/de\/film\/\",\"name\":\"Film - Fossa Eugeniana Arcen\",\"isPartOf\":{\"@id\":\"https:\/\/fossa-eugeniana.nl\/de\/#website\"},\"datePublished\":\"2023-06-25T08:39:35+00:00\",\"dateModified\":\"2023-06-25T09:09:25+00:00\",\"breadcrumb\":{\"@id\":\"https:\/\/fossa-eugeniana.nl\/de\/film\/#breadcrumb\"},\"inLanguage\":\"de\",\"potentialAction\":[{\"@type\":\"ReadAction\",\"target\":[\"https:\/\/fossa-eugeniana.nl\/de\/film\/\"]}]},{\"@type\":\"BreadcrumbList\",\"@id\":\"https:\/\/fossa-eugeniana.nl\/de\/film\/#breadcrumb\",\"itemListElement\":[{\"@type\":\"ListItem\",\"position\":1,\"name\":\"Home\",\"item\":\"https:\/\/fossa-eugeniana.nl\/de\/\"},{\"@type\":\"ListItem\",\"position\":2,\"name\":\"Film\"}]},{\"@type\":\"WebSite\",\"@id\":\"https:\/\/fossa-eugeniana.nl\/de\/#website\",\"url\":\"https:\/\/fossa-eugeniana.nl\/de\/\",\"name\":\"Fossa Eugeniana Arcen\",\"description\":\"Historisch archief over dit onvoltooid kanaal\",\"potentialAction\":[{\"@type\":\"SearchAction\",\"target\":{\"@type\":\"EntryPoint\",\"urlTemplate\":\"https:\/\/fossa-eugeniana.nl\/de\/?s={search_term_string}\"},\"query-input\":{\"@type\":\"PropertyValueSpecification\",\"valueRequired\":true,\"valueName\":\"search_term_string\"}}],\"inLanguage\":\"de\"}]}<\/script>\n<!-- \/ Yoast SEO plugin. -->","yoast_head_json":{"title":"Film - Fossa Eugeniana Arcen","robots":{"index":"index","follow":"follow","max-snippet":"max-snippet:-1","max-image-preview":"max-image-preview:large","max-video-preview":"max-video-preview:-1"},"canonical":"https:\/\/fossa-eugeniana.nl\/de\/film\/","og_locale":"de_DE","og_type":"article","og_title":"Film - Fossa Eugeniana Arcen","og_description":"[vc_row][vc_column][vc_column_text]Quelle: HuubProductions F\u00fcr ein optimales Erlebnis k\u00f6nnen Sie den Film in der unteren rechten Ecke des Wiedergabefensters als &#8222;Vollbild&#8220; abspielen. Dr\u00fccken Sie zuerst die Wiedergabetaste und stellen Sie dann die Anzeige ein.[\/vc_column_text][vc_raw_html]JTNDaWZyYW1lJTIwd2lkdGglM0QlMjIxMDAlMjUlMjIlMjBoZWlnaHQlM0QlMjI2MDAlMjIlMjBzcmMlM0QlMjJodHRwcyUzQSUyRiUyRnd3dy55b3V0dWJlLmNvbSUyRmVtYmVkJTJGTFhJZ2ozT3VFck0lMjIlMjB0aXRsZSUzRCUyMllvdVR1YmUlMjB2aWRlbyUyMHBsYXllciUyMiUyMGZyYW1lYm9yZGVyJTNEJTIyMCUyMiUyMGFsbG93JTNEJTIyYWNjZWxlcm9tZXRlciUzQiUyMGF1dG9wbGF5JTNCJTIwY2xpcGJvYXJkLXdyaXRlJTNCJTIwZW5jcnlwdGVkLW1lZGlhJTNCJTIwZ3lyb3Njb3BlJTNCJTIwcGljdHVyZS1pbi1waWN0dXJlJTNCJTIwd2ViLXNoYXJlJTIyJTIwYWxsb3dmdWxsc2NyZWVuJTNFJTNDJTJGaWZyYW1lJTNF[\/vc_raw_html][\/vc_column][\/vc_row]","og_url":"https:\/\/fossa-eugeniana.nl\/de\/film\/","og_site_name":"Fossa Eugeniana Arcen","article_modified_time":"2023-06-25T09:09:25+00:00","twitter_card":"summary_large_image","twitter_misc":{"Gesch\u00e4tzte Lesezeit":"1\u00a0Minute"},"schema":{"@context":"https:\/\/schema.org","@graph":[{"@type":"WebPage","@id":"https:\/\/fossa-eugeniana.nl\/de\/film\/","url":"https:\/\/fossa-eugeniana.nl\/de\/film\/","name":"Film - Fossa Eugeniana Arcen","isPartOf":{"@id":"https:\/\/fossa-eugeniana.nl\/de\/#website"},"datePublished":"2023-06-25T08:39:35+00:00","dateModified":"2023-06-25T09:09:25+00:00","breadcrumb":{"@id":"https:\/\/fossa-eugeniana.nl\/de\/film\/#breadcrumb"},"inLanguage":"de","potentialAction":[{"@type":"ReadAction","target":["https:\/\/fossa-eugeniana.nl\/de\/film\/"]}]},{"@type":"BreadcrumbList","@id":"https:\/\/fossa-eugeniana.nl\/de\/film\/#breadcrumb","itemListElement":[{"@type":"ListItem","position":1,"name":"Home","item":"https:\/\/fossa-eugeniana.nl\/de\/"},{"@type":"ListItem","position":2,"name":"Film"}]},{"@type":"WebSite","@id":"https:\/\/fossa-eugeniana.nl\/de\/#website","url":"https:\/\/fossa-eugeniana.nl\/de\/","name":"Fossa Eugeniana Arcen","description":"Historisch archief over dit onvoltooid kanaal","potentialAction":[{"@type":"SearchAction","target":{"@type":"EntryPoint","urlTemplate":"https:\/\/fossa-eugeniana.nl\/de\/?s={search_term_string}"},"query-input":{"@type":"PropertyValueSpecification","valueRequired":true,"valueName":"search_term_string"}}],"inLanguage":"de"}]}},"campaignId":"","_links":{"self":[{"href":"https:\/\/fossa-eugeniana.nl\/de\/wp-json\/wp\/v2\/pages\/2483","targetHints":{"allow":["GET"]}}],"collection":[{"href":"https:\/\/fossa-eugeniana.nl\/de\/wp-json\/wp\/v2\/pages"}],"about":[{"href":"https:\/\/fossa-eugeniana.nl\/de\/wp-json\/wp\/v2\/types\/page"}],"author":[{"embeddable":true,"href":"https:\/\/fossa-eugeniana.nl\/de\/wp-json\/wp\/v2\/users\/1"}],"replies":[{"embeddable":true,"href":"https:\/\/fossa-eugeniana.nl\/de\/wp-json\/wp\/v2\/comments?post=2483"}],"version-history":[{"count":5,"href":"https:\/\/fossa-eugeniana.nl\/de\/wp-json\/wp\/v2\/pages\/2483\/revisions"}],"predecessor-version":[{"id":2494,"href":"https:\/\/fossa-eugeniana.nl\/de\/wp-json\/wp\/v2\/pages\/2483\/revisions\/2494"}],"wp:attachment":[{"href":"https:\/\/fossa-eugeniana.nl\/de\/wp-json\/wp\/v2\/media?parent=2483"}],"curies":[{"name":"wp","href":"https:\/\/api.w.org\/{rel}","templated":true}]}}