{"id":2567,"date":"2025-01-05T14:32:14","date_gmt":"2025-01-05T14:32:14","guid":{"rendered":"https:\/\/fossa-eugeniana.nl\/voorbeeld-opzet-3-lessencyclus-2\/"},"modified":"2025-01-05T15:48:51","modified_gmt":"2025-01-05T15:48:51","slug":"beispielentwurf-3-lektionen-zyklus-2","status":"publish","type":"page","link":"https:\/\/fossa-eugeniana.nl\/de\/beispielentwurf-3-lektionen-zyklus-2\/","title":{"rendered":"Beispielentwurf 3-Lektionen-Zyklus-2"},"content":{"rendered":"<p>[vc_row][vc_column][vc_column_text]<\/p>\n<div id=\"ultimate-heading-105634c1ba974e8e\" class=\"uvc-heading ult-adjust-bottom-margin ultimate-heading-105634c1ba974e8e uvc-1642 uvc-heading-default-font-sizes\" data-hspacer=\"no_spacer\" data-halign=\"left\">\n<div class=\"uvc-main-heading ult-responsive\" data-ultimate-target=\".uvc-heading.ultimate-heading-105634c1ba974e8e h2\" data-responsive-json-new=\"{&quot;font-size&quot;:&quot;&quot;,&quot;line-height&quot;:&quot;&quot;}\">\n<h2><strong>DIE FOSSA EUGENIANA<\/strong><\/h2>\n<p><em>Beispiel f\u00fcr die Gestaltung eines 3-Lektionen-Zyklus (aktualisierte Fassung vom Dezember 2024)<\/em><br \/>\n<em>Oberstufe der Grundschule\/Sekundarstufe<\/em><\/p>\n<p>&nbsp;<\/p>\n<h3><strong>Lektion 1: Erkundung (45 Minuten)<\/strong><\/h3>\n<p><strong>1.<\/strong> <strong>Einf\u00fchrung (10 Minuten):<\/strong><\/p>\n<p>Erl\u00e4utern Sie kurz die Geschichte des Achtzigj\u00e4hrigen Krieges. \u00dcberlegen Sie:<\/p>\n<ul>\n<li>Die Gr\u00fcnde f\u00fcr den Krieg. Die n\u00f6rdlichen Provinzen wollten ihre eigenen \u201eHerren\u201c werden und nicht mehr von Spanien abh\u00e4ngig sein. Die Religion spielte dabei eine gro\u00dfe Rolle. Die s\u00fcdlichen Niederlande, zu denen damals das heutige Belgien und \u201eunsere\u201c s\u00fcdlichen Provinzen geh\u00f6rten, waren wie die Spanier katholisch. Die Provinzen im Norden waren \u00fcberwiegend protestantisch.<\/li>\n<li>Nennen Sie die Kriegsparteien: Die Republik der Sieben Vereinigten Niederlande gegen das m\u00e4chtige Spanien der damaligen Zeit, das riesig war und das m\u00e4chtigste Land der Welt mit riesigen Gebieten z. B. in S\u00fcdamerika. Au\u00dferdem herrschte der spanische K\u00f6nig zur Zeit Karls V. in Europa \u00fcber Spanien, die Spanischen Niederlande (die heutigen Niederlande und Belgien), Teile des heutigen Italiens, Teile Nordafrikas und das heutige \u00d6sterreich, Ungarn und das Deutsche Reich.<\/li>\n<\/ul>\n<p><strong>Nachbereitung (35 Minuten)<\/strong><\/p>\n<p>Stellen Sie die Fossa Eugeniana als geplanten Kanal zwischen Maas und Rhein (und Schelde) anhand <u><strong>des Dokumentarfilms<\/strong><\/u> (Dauer 35 Minuten) vor. Spielen Sie den Film anschlie\u00dfend auf dem IWB ab (falls vorhanden, ansonsten auf dem Fernseher<\/p>\n<\/div>\n<\/div>\n<p>[\/vc_column_text][vc_column_text]<\/p>\n<h3><strong>Lektion 2 Erste Untersuchung und Bearbeitung (60 Minuten)<\/strong><\/h3>\n<p><strong>1.<\/strong> <strong>Recherchephase (30 Minuten):<\/strong><\/p>\n<p>Lassen Sie die Sch\u00fclerinnen und Sch\u00fcler in Zweiergruppen am Computer nach Informationen \u00fcber die Fossa Eugeniana suchen.<\/p>\n<p>M\u00f6glicherweise k\u00f6nnen Sie eine Liste mit den unten stehenden Fragen zusammenstellen und auf das IWB projizieren, wo die Kinder gezielt nach den Antworten suchen. Alle Antworten k\u00f6nnen auf unserer Website gefunden werden.<\/p>\n<p>Lassen Sie die Kinder die Website nachschlagen. Danach sollten sie auf die Striche oben rechts klicken. Wenn sie dann unten auf \u201eUnterrichtsplan herunterladen\u201c klicken, gelangen sie zum Informationsbuch \u00fcber die Fossa. Nat\u00fcrlich k\u00f6nnen sie auch einfach im Internet recherchieren (aber das ist viel schwieriger). Dies k\u00f6nnte m\u00f6glicherweise in der Fortbildung verwendet werden.<\/p>\n<p><strong>Versuchen Sie, die folgenden Fragen zu beantworten (die Seitenzahl dahinter gibt an, wo die Kinder die Antwort finden k\u00f6nnen).<\/strong><\/p>\n<ol>\n<li>Den Spaniern ist es nicht gelungen, die staatlichen Truppen vollst\u00e4ndig zu besiegen. Das liegt daran, dass sie eine sehr gut ausgebildete Armee hatten. Wer war der Anf\u00fchrer dieser Armee (Seite 10)?<\/li>\n<li>Weil die Spanier die Holl\u00e4nder nicht besiegen konnten, begannen sie eine neue Art der Kriegsf\u00fchrung. Wie nennt man diese Art der Kriegsf\u00fchrung mit einem schwierigen Wort? (Seite 11).<\/li>\n<li>Welche 3 Fl\u00fcsse sollte der Kanal, die Fossa Eugeniana, schlie\u00dflich verbinden? An welchem Ort in der N\u00e4he von hier w\u00fcrde der kahle Fluss zuerst m\u00fcnden, aber welcher Ort, ebenfalls in der N\u00e4he von hier, wurde er schlie\u00dflich. (Seite 14).<\/li>\n<li>Auf welche Weise wurde der Kanal vor Angriffen durch die Staatstruppen gesch\u00fctzt? Berechne, wie viel das Projekt in unseren heutigen Euros kosten w\u00fcrde (Seite 15)<\/li>\n<li>Das Projekt der Fossa Eugeniana scheiterte schlie\u00dflich. Nennen Sie mindestens 2 Gr\u00fcnde, warum das so war (Seite 16).<\/li>\n<\/ol>\n<p><strong>Antworten auf die Fragen<\/strong><\/p>\n<ol>\n<li>Prinz Maurice von Oranien<\/li>\n<li>Wirtschaftskrieg<\/li>\n<li>Rhein-Maas-Scheldt. Arcen schlie\u00dflich Venlo.<\/li>\n<li>Mit 24 Festungen. Kosten: 1 alter Gulden entspricht etwa 45 Eurocent x 2 Millionen Goldschilde entsprechen heute etwa 900.000 Euro.<\/li>\n<li>Geldmangel B. Zunehmende technische Probleme C. St\u00e4ndige \u00dcberf\u00e4lle durch staatliche Truppen. D. 1632 fallen Rheinberg und Venlo in staatliche H\u00e4nde (Maasveldtocht von Frederik Hendrik).<\/li>\n<\/ol>\n<p>Die Kinder k\u00f6nnen zun\u00e4chst 3 Fragen ihrer Wahl beantworten und, wenn noch Zeit \u00fcbrig ist, auch die anderen 2 Fragen.<\/p>\n<ol>\n<li><strong>Wiederholung (15 Minuten)<br \/>\n<\/strong>Sie k\u00f6nnen dies anschlie\u00dfend in der Klasse besprechen.<\/li>\n<li><strong>Vorstellungs\u00fcbung (10 Minuten)<br \/>\n<\/strong>Bitten Sie die Sch\u00fclerInnen, kurz zu spekulieren, was passiert w\u00e4re, wenn der Kanal tats\u00e4chlich erfolgreich gebaut worden w\u00e4re. W\u00fcrden sie ihn auch heute noch wahrnehmen k\u00f6nnen?<\/li>\n<li><strong>Abschluss (5 Minuten)<br \/>\n<\/strong>Diskutieren Sie die Spekulationen in der Klasse und bereiten Sie die Sch\u00fcler auf die n\u00e4chste Lektion vor.<\/li>\n<\/ol>\n<p>[\/vc_column_text][vc_column_text]<\/p>\n<h3><strong>Lektion 3.<\/strong> <strong>Zeitgen\u00f6ssische Implikationen und kreative Verarbeitung (60 Minuten)<\/strong><\/h3>\n<p><strong>1.<\/strong> <strong>R\u00fcckblick und Fragen und Antworten (10 Minuten):<\/strong><\/p>\n<p>&#8211; Besprechen Sie kurz die wichtigsten Punkte der vorherigen Lektion.<br \/>\n&#8211; Beantworten Sie eventuelle Fragen der Sch\u00fcler.<\/p>\n<p><strong>2.<\/strong> <strong>Erforschen Sie zeitgen\u00f6ssische Anwendungen (20 bis 30 Minuten)<br \/>\n<\/strong>Lassen Sie die Sch\u00fcler in Zweiergruppen am Computer nach aktuellen Beispielen f\u00fcr Kan\u00e4le und Wasserstra\u00dfen und deren wirtschaftliche und soziale Auswirkungen suchen.<\/p>\n<p>Geben Sie ihnen eine Auswahl aus den folgenden Optionen.<\/p>\n<p>Auf der ganzen Welt:<br \/>\n1. Der Suezkanal<br \/>\n2. Der Panamakanal<\/p>\n<p><strong>In Europa<\/strong><\/p>\n<ol>\n<li>Rhein<\/li>\n<li>Donau<\/li>\n<li>Seine<\/li>\n<li>Elbe<\/li>\n<li>Schelde<\/li>\n<\/ol>\n<p><strong>In den Niederlanden:<\/strong><\/p>\n<ol>\n<li>Rhein-Maas-Schelde-Delta<\/li>\n<li>Rhein (niederl\u00e4ndischer Teil)<\/li>\n<li>Ijsselmeer und die Ijsselmeerregion<\/li>\n<li>Nordsee-Kanal<\/li>\n<li>Waal<\/li>\n<li>Maas<\/li>\n<\/ol>\n<p>Alle Auswahlm\u00f6glichkeiten sind im Internet zu finden (Safari). Selbst mit der Eingabe von S\u00e4tzen wie \u201eWarum ist die &#8230;&#8230;. (z.B. Maas) wichtig f\u00fcr uns\u201c k\u00f6nnen sie z.B. die wirtschaftlichen und sozialen Auswirkungen des Kanals oder der Wasserstra\u00dfe l\u00f6sen.<\/p>\n<p>Geben Sie den Kindern die folgenden Fragen als Leitfragen mit auf den Weg:<\/p>\n<ul>\n<li>Wohin flie\u00dft der Kanal oder die Wasserstra\u00dfe? Was verbindet ihn (was ist der Anfangs- und was der Endpunkt?).<\/li>\n<li>Wie lang ist er insgesamt?<\/li>\n<li>Warum ist der Kanal oder die Wasserstra\u00dfe gerade dort wichtig?<\/li>\n<\/ul>\n<p><strong>3. Diskussion und Vergleich (20 Minuten):<\/strong><\/p>\n<p>&#8211; Jedes Paar stellt seine Ergebnisse vor.<br \/>\n&#8211; F\u00fchren Sie eine Diskussion \u00fcber die Bedeutung von Wasserwegen in der heutigen Zeit und vergleichen Sie diese mit dem beabsichtigten Zweck der Fossa Eugeniana.<\/p>\n<p><strong>4.<\/strong> <strong>Kreative Aufgabe (10 Minuten).<\/strong> <strong>Diese Aufgabe ist m\u00f6glicherweise eine vorgegebene Aufgabe im Sprachunterricht.<br \/>\n<\/strong>Lassen Sie die Sch\u00fcler in Zweiergruppen einen kurzen Text schreiben oder ein Bild zeichnen, das beschreibt, was passiert w\u00e4re, wenn die Fossa Eugeniana erfolgreich gewesen w\u00e4re.<\/p>\n<p>Diese Aufgabe kann auch w\u00e4hrend des Sprachunterrichts erledigt werden.<\/p>\n<p><strong>5.<\/strong> <strong>Pr\u00e4sentation und Reflexion (10 Minuten):<\/strong><\/p>\n<p>&#8211; Jedes Paar stellt seine kreative Arbeit vor (oder w\u00e4hrend des Sprachunterrichts).<br \/>\n&#8211; Besprechen Sie in der Klasse, was sie \u00fcber die historischen und spekulativen Aspekte der Fossa Eugeniana gelernt haben.<\/p>\n<p><strong>Optionales Extra:<br \/>\n<\/strong>Die Kinder spielen in Gruppen das Spiel \u00fcber die Fossa Eugeniana (falls verf\u00fcgbar). Dieses Spiel kann \u00fcber die Mitglieder des Arbeitskreises Fossa Eugeniana gebucht werden. Es kann nur in Begleitung von Personen aus dieser Arbeitsgruppe gespielt werden. Reservierungen oder Diskussionen k\u00f6nnen vorgenommen werden \u00fcber:<\/p>\n<p>Nico van den Kroonenberg<br \/>\nRijnbeekstraat 218<br \/>\n5913 GG Venlo<br \/>\nTelefon: 0640226030<\/p>\n<p>Die Kinder besuchen zusammen mit dem Lehrer Fort Hazepoot in Arcen. Es ist ratsam, dass die Lehrer sich den Ort vorher ansehen, um sich ein Bild von der Schanze zu machen.[\/vc_column_text][\/vc_column][\/vc_row]<\/p>\n","protected":false},"excerpt":{"rendered":"<p>[vc_row][vc_column][vc_column_text] DIE FOSSA EUGENIANA Beispiel f\u00fcr die Gestaltung eines 3-Lektionen-Zyklus (aktualisierte Fassung vom Dezember 2024) Oberstufe der Grundschule\/Sekundarstufe &nbsp; Lektion 1: Erkundung (45 Minuten) 1. Einf\u00fchrung (10 Minuten): Erl\u00e4utern Sie kurz die Geschichte des Achtzigj\u00e4hrigen Krieges. \u00dcberlegen Sie: Die Gr\u00fcnde f\u00fcr den Krieg. Die n\u00f6rdlichen Provinzen wollten ihre eigenen \u201eHerren\u201c werden und nicht mehr von&hellip;<\/p>\n","protected":false},"author":1,"featured_media":0,"parent":0,"menu_order":0,"comment_status":"closed","ping_status":"closed","template":"","meta":{"give_campaign_id":0,"_monsterinsights_skip_tracking":false,"_monsterinsights_sitenote_active":false,"_monsterinsights_sitenote_note":"","_monsterinsights_sitenote_category":0,"footnotes":""},"class_list":["post-2567","page","type-page","status-publish","hentry","description-off"],"yoast_head":"<!-- This site is optimized with the Yoast SEO plugin v26.6 - https:\/\/yoast.com\/wordpress\/plugins\/seo\/ -->\n<title>Beispielentwurf 3-Lektionen-Zyklus-2 - Fossa Eugeniana Arcen<\/title>\n<meta name=\"robots\" content=\"index, follow, max-snippet:-1, max-image-preview:large, max-video-preview:-1\" \/>\n<link rel=\"canonical\" href=\"https:\/\/fossa-eugeniana.nl\/de\/beispielentwurf-3-lektionen-zyklus-2\/\" \/>\n<meta property=\"og:locale\" content=\"de_DE\" \/>\n<meta property=\"og:type\" content=\"article\" \/>\n<meta property=\"og:title\" content=\"Beispielentwurf 3-Lektionen-Zyklus-2 - Fossa Eugeniana Arcen\" \/>\n<meta property=\"og:description\" content=\"[vc_row][vc_column][vc_column_text] DIE FOSSA EUGENIANA Beispiel f\u00fcr die Gestaltung eines 3-Lektionen-Zyklus (aktualisierte Fassung vom Dezember 2024) Oberstufe der Grundschule\/Sekundarstufe &nbsp; Lektion 1: Erkundung (45 Minuten) 1. Einf\u00fchrung (10 Minuten): Erl\u00e4utern Sie kurz die Geschichte des Achtzigj\u00e4hrigen Krieges. \u00dcberlegen Sie: Die Gr\u00fcnde f\u00fcr den Krieg. Die n\u00f6rdlichen Provinzen wollten ihre eigenen \u201eHerren\u201c werden und nicht mehr von&hellip;\" \/>\n<meta property=\"og:url\" content=\"https:\/\/fossa-eugeniana.nl\/de\/beispielentwurf-3-lektionen-zyklus-2\/\" \/>\n<meta property=\"og:site_name\" content=\"Fossa Eugeniana Arcen\" \/>\n<meta property=\"article:modified_time\" content=\"2025-01-05T15:48:51+00:00\" \/>\n<meta name=\"twitter:card\" content=\"summary_large_image\" \/>\n<meta name=\"twitter:label1\" content=\"Gesch\u00e4tzte Lesezeit\" \/>\n\t<meta name=\"twitter:data1\" content=\"5\u00a0Minuten\" \/>\n<script type=\"application\/ld+json\" class=\"yoast-schema-graph\">{\"@context\":\"https:\/\/schema.org\",\"@graph\":[{\"@type\":\"WebPage\",\"@id\":\"https:\/\/fossa-eugeniana.nl\/de\/beispielentwurf-3-lektionen-zyklus-2\/\",\"url\":\"https:\/\/fossa-eugeniana.nl\/de\/beispielentwurf-3-lektionen-zyklus-2\/\",\"name\":\"Beispielentwurf 3-Lektionen-Zyklus-2 - Fossa Eugeniana Arcen\",\"isPartOf\":{\"@id\":\"https:\/\/fossa-eugeniana.nl\/de\/#website\"},\"datePublished\":\"2025-01-05T14:32:14+00:00\",\"dateModified\":\"2025-01-05T15:48:51+00:00\",\"breadcrumb\":{\"@id\":\"https:\/\/fossa-eugeniana.nl\/de\/beispielentwurf-3-lektionen-zyklus-2\/#breadcrumb\"},\"inLanguage\":\"de\",\"potentialAction\":[{\"@type\":\"ReadAction\",\"target\":[\"https:\/\/fossa-eugeniana.nl\/de\/beispielentwurf-3-lektionen-zyklus-2\/\"]}]},{\"@type\":\"BreadcrumbList\",\"@id\":\"https:\/\/fossa-eugeniana.nl\/de\/beispielentwurf-3-lektionen-zyklus-2\/#breadcrumb\",\"itemListElement\":[{\"@type\":\"ListItem\",\"position\":1,\"name\":\"Home\",\"item\":\"https:\/\/fossa-eugeniana.nl\/de\/\"},{\"@type\":\"ListItem\",\"position\":2,\"name\":\"Beispielentwurf 3-Lektionen-Zyklus-2\"}]},{\"@type\":\"WebSite\",\"@id\":\"https:\/\/fossa-eugeniana.nl\/de\/#website\",\"url\":\"https:\/\/fossa-eugeniana.nl\/de\/\",\"name\":\"Fossa Eugeniana Arcen\",\"description\":\"Historisch archief over dit onvoltooid kanaal\",\"potentialAction\":[{\"@type\":\"SearchAction\",\"target\":{\"@type\":\"EntryPoint\",\"urlTemplate\":\"https:\/\/fossa-eugeniana.nl\/de\/?s={search_term_string}\"},\"query-input\":{\"@type\":\"PropertyValueSpecification\",\"valueRequired\":true,\"valueName\":\"search_term_string\"}}],\"inLanguage\":\"de\"}]}<\/script>\n<!-- \/ Yoast SEO plugin. -->","yoast_head_json":{"title":"Beispielentwurf 3-Lektionen-Zyklus-2 - Fossa Eugeniana Arcen","robots":{"index":"index","follow":"follow","max-snippet":"max-snippet:-1","max-image-preview":"max-image-preview:large","max-video-preview":"max-video-preview:-1"},"canonical":"https:\/\/fossa-eugeniana.nl\/de\/beispielentwurf-3-lektionen-zyklus-2\/","og_locale":"de_DE","og_type":"article","og_title":"Beispielentwurf 3-Lektionen-Zyklus-2 - Fossa Eugeniana Arcen","og_description":"[vc_row][vc_column][vc_column_text] DIE FOSSA EUGENIANA Beispiel f\u00fcr die Gestaltung eines 3-Lektionen-Zyklus (aktualisierte Fassung vom Dezember 2024) Oberstufe der Grundschule\/Sekundarstufe &nbsp; Lektion 1: Erkundung (45 Minuten) 1. Einf\u00fchrung (10 Minuten): Erl\u00e4utern Sie kurz die Geschichte des Achtzigj\u00e4hrigen Krieges. \u00dcberlegen Sie: Die Gr\u00fcnde f\u00fcr den Krieg. Die n\u00f6rdlichen Provinzen wollten ihre eigenen \u201eHerren\u201c werden und nicht mehr von&hellip;","og_url":"https:\/\/fossa-eugeniana.nl\/de\/beispielentwurf-3-lektionen-zyklus-2\/","og_site_name":"Fossa Eugeniana Arcen","article_modified_time":"2025-01-05T15:48:51+00:00","twitter_card":"summary_large_image","twitter_misc":{"Gesch\u00e4tzte Lesezeit":"5\u00a0Minuten"},"schema":{"@context":"https:\/\/schema.org","@graph":[{"@type":"WebPage","@id":"https:\/\/fossa-eugeniana.nl\/de\/beispielentwurf-3-lektionen-zyklus-2\/","url":"https:\/\/fossa-eugeniana.nl\/de\/beispielentwurf-3-lektionen-zyklus-2\/","name":"Beispielentwurf 3-Lektionen-Zyklus-2 - Fossa Eugeniana Arcen","isPartOf":{"@id":"https:\/\/fossa-eugeniana.nl\/de\/#website"},"datePublished":"2025-01-05T14:32:14+00:00","dateModified":"2025-01-05T15:48:51+00:00","breadcrumb":{"@id":"https:\/\/fossa-eugeniana.nl\/de\/beispielentwurf-3-lektionen-zyklus-2\/#breadcrumb"},"inLanguage":"de","potentialAction":[{"@type":"ReadAction","target":["https:\/\/fossa-eugeniana.nl\/de\/beispielentwurf-3-lektionen-zyklus-2\/"]}]},{"@type":"BreadcrumbList","@id":"https:\/\/fossa-eugeniana.nl\/de\/beispielentwurf-3-lektionen-zyklus-2\/#breadcrumb","itemListElement":[{"@type":"ListItem","position":1,"name":"Home","item":"https:\/\/fossa-eugeniana.nl\/de\/"},{"@type":"ListItem","position":2,"name":"Beispielentwurf 3-Lektionen-Zyklus-2"}]},{"@type":"WebSite","@id":"https:\/\/fossa-eugeniana.nl\/de\/#website","url":"https:\/\/fossa-eugeniana.nl\/de\/","name":"Fossa Eugeniana Arcen","description":"Historisch archief over dit onvoltooid kanaal","potentialAction":[{"@type":"SearchAction","target":{"@type":"EntryPoint","urlTemplate":"https:\/\/fossa-eugeniana.nl\/de\/?s={search_term_string}"},"query-input":{"@type":"PropertyValueSpecification","valueRequired":true,"valueName":"search_term_string"}}],"inLanguage":"de"}]}},"campaignId":"","_links":{"self":[{"href":"https:\/\/fossa-eugeniana.nl\/de\/wp-json\/wp\/v2\/pages\/2567","targetHints":{"allow":["GET"]}}],"collection":[{"href":"https:\/\/fossa-eugeniana.nl\/de\/wp-json\/wp\/v2\/pages"}],"about":[{"href":"https:\/\/fossa-eugeniana.nl\/de\/wp-json\/wp\/v2\/types\/page"}],"author":[{"embeddable":true,"href":"https:\/\/fossa-eugeniana.nl\/de\/wp-json\/wp\/v2\/users\/1"}],"replies":[{"embeddable":true,"href":"https:\/\/fossa-eugeniana.nl\/de\/wp-json\/wp\/v2\/comments?post=2567"}],"version-history":[{"count":6,"href":"https:\/\/fossa-eugeniana.nl\/de\/wp-json\/wp\/v2\/pages\/2567\/revisions"}],"predecessor-version":[{"id":2577,"href":"https:\/\/fossa-eugeniana.nl\/de\/wp-json\/wp\/v2\/pages\/2567\/revisions\/2577"}],"wp:attachment":[{"href":"https:\/\/fossa-eugeniana.nl\/de\/wp-json\/wp\/v2\/media?parent=2567"}],"curies":[{"name":"wp","href":"https:\/\/api.w.org\/{rel}","templated":true}]}}